{"id":22472,"date":"2024-03-20T12:40:52","date_gmt":"2024-03-20T12:40:52","guid":{"rendered":"https:\/\/inpratex.com\/atex-equipment\/atex-instrumentation-devices\/temperature-humidity-and-pressure\/sensors-transmitters\/"},"modified":"2024-05-06T14:32:46","modified_gmt":"2024-05-06T12:32:46","slug":"sensors-transmitters","status":"publish","type":"page","link":"https:\/\/www.inpratex.com\/en\/atex-equipment\/atex-instrumentation-devices\/temperature-humidity-and-pressure\/sensors-transmitters\/","title":{"rendered":"Sensors \/ Transmitters"},"content":{"rendered":"\t\t<div data-elementor-type=\"wp-page\" data-elementor-id=\"22472\" class=\"elementor elementor-22472 elementor-22466\" data-elementor-post-type=\"page\">\n\t\t\t\t<div class=\"elementor-element elementor-element-3d734ec5 e-flex e-con-boxed e-con e-parent\" data-id=\"3d734ec5\" data-element_type=\"container\" data-e-type=\"container\">\n\t\t\t\t\t<div class=\"e-con-inner\">\n\t\t\t\t<div class=\"elementor-element elementor-element-5eb1195 elementor-widget elementor-widget-woocommerce-breadcrumb\" data-id=\"5eb1195\" data-element_type=\"widget\" data-e-type=\"widget\" data-widget_type=\"woocommerce-breadcrumb.default\">\n\t\t\t\t<div class=\"elementor-widget-container\">\n\t\t\t\t\t<nav class=\"woocommerce-breadcrumb\" aria-label=\"Breadcrumb\">Home<\/nav>\t\t\t\t<\/div>\n\t\t\t\t<\/div>\n\t\t\t\t\t<\/div>\n\t\t\t\t<\/div>\n\t\t<div class=\"elementor-element elementor-element-44b8f959 e-flex e-con-boxed e-con e-child\" data-id=\"44b8f959\" data-element_type=\"container\" data-e-type=\"container\">\n\t\t\t\t\t<div class=\"e-con-inner\">\n\t\t\t\t<div class=\"elementor-element elementor-element-1143dc38 elementor-widget elementor-widget-image\" data-id=\"1143dc38\" data-element_type=\"widget\" data-e-type=\"widget\" data-widget_type=\"image.default\">\n\t\t\t\t<div class=\"elementor-widget-container\">\n\t\t\t\t\t\t\t\t\t\t\t\t\t\t\t<img decoding=\"async\" src=\"https:\/\/inpratex.com\/wp-content\/uploads\/2024\/02\/icono_encabezados.png\" title=\"\" alt=\"\" loading=\"lazy\" \/>\t\t\t\t\t\t\t\t\t\t\t\t\t\t\t<\/div>\n\t\t\t\t<\/div>\n\t\t\t\t<div class=\"elementor-element elementor-element-6fe39561 elementor-widget__width-auto elementor-widget elementor-widget-heading\" data-id=\"6fe39561\" data-element_type=\"widget\" data-e-type=\"widget\" data-widget_type=\"heading.default\">\n\t\t\t\t<div class=\"elementor-widget-container\">\n\t\t\t\t\t<h2 class=\"elementor-heading-title elementor-size-default\">Sensors \/ Transmitters<\/h2>\t\t\t\t<\/div>\n\t\t\t\t<\/div>\n\t\t\t\t\t<\/div>\n\t\t\t\t<\/div>\n\t\t<div class=\"elementor-element elementor-element-7fe89fe9 e-flex e-con-boxed e-con e-parent\" data-id=\"7fe89fe9\" data-element_type=\"container\" data-e-type=\"container\">\n\t\t\t\t\t<div class=\"e-con-inner\">\n\t\t<div class=\"elementor-element elementor-element-7881099e e-flex e-con-boxed e-con e-child\" data-id=\"7881099e\" data-element_type=\"container\" data-e-type=\"container\" data-settings=\"{&quot;background_background&quot;:&quot;classic&quot;}\">\n\t\t\t\t\t<div class=\"e-con-inner\">\n\t\t\t\t\t<\/div>\n\t\t\t\t<\/div>\n\t\t\t\t\t<\/div>\n\t\t\t\t<\/div>\n\t\t<div class=\"elementor-element elementor-element-6e88d568 e-flex e-con-boxed e-con e-parent\" data-id=\"6e88d568\" data-element_type=\"container\" data-e-type=\"container\">\n\t\t\t\t\t<div class=\"e-con-inner\">\n\t\t\t\t<div class=\"elementor-element elementor-element-34bd4c8c elementor-widget elementor-widget-jet-woo-products\" data-id=\"34bd4c8c\" data-element_type=\"widget\" data-e-type=\"widget\" data-settings=\"{&quot;columns&quot;:&quot;5&quot;,&quot;columns_tablet&quot;:&quot;4&quot;,&quot;columns_mobile&quot;:&quot;2&quot;}\" data-widget_type=\"jet-woo-products.default\">\n\t\t\t\t<div class=\"elementor-widget-container\">\n\t\t\t\t\t<div class=\"elementor-jet-woo-products jet-woo-builder\"><div class=\"jet-woo-products jet-woo-products--preset-1 col-row  \" data-mobile-hover=\"\" >\n<div class=\"jet-woo-products__item jet-woo-builder-product jet-woo-thumb-with-effect\" data-product-id=\"13352\">\n\t<div class=\"jet-woo-products__inner-box\"  >\n\t\t\n<div class=\"jet-woo-product-thumbnail\">\n\t\n\t<a href=\"https:\/\/www.inpratex.com\/en\/product\/excos-d-temperature-humidity-transmitter\/\"><img fetchpriority=\"high\" decoding=\"async\" width=\"300\" height=\"300\" src=\"https:\/\/www.inpratex.com\/wp-content\/uploads\/2024\/03\/ExCos-D-300x300.jpg\" class=\"attachment-woocommerce_thumbnail size-woocommerce_thumbnail\" alt=\"\" data-no-lazy=\"1\" loading=\"auto\" \/><\/a>\n\t<div class=\"jet-woo-product-img-overlay\"><\/div>\n\n\t\n\t<\/div><h5 class=\"jet-woo-product-title\"><a href=\"https:\/\/www.inpratex.com\/en\/product\/excos-d-temperature-humidity-transmitter\/\">ExCos-D Temperature\/Humidity Transmitter<\/a><\/h5>\n<div class=\"jet-woo-products-cqw-wrapper\">\n\t<\/div>\t<\/div>\n\n\t<\/div>\n<div class=\"jet-woo-products__item jet-woo-builder-product jet-woo-thumb-with-effect\" data-product-id=\"13638\">\n\t<div class=\"jet-woo-products__inner-box\"  >\n\t\t\n<div class=\"jet-woo-product-thumbnail\">\n\t\n\t<a href=\"https:\/\/www.inpratex.com\/en\/product\/redcos-d-temperature-humidity-transmitter\/\"><img decoding=\"async\" width=\"300\" height=\"300\" src=\"https:\/\/www.inpratex.com\/wp-content\/uploads\/2024\/03\/RedCos-D-300x300.jpg\" class=\"attachment-woocommerce_thumbnail size-woocommerce_thumbnail\" alt=\"\" data-no-lazy=\"1\" loading=\"auto\" \/><\/a>\n\t<div class=\"jet-woo-product-img-overlay\"><\/div>\n\n\t\n\t<\/div><h5 class=\"jet-woo-product-title\"><a href=\"https:\/\/www.inpratex.com\/en\/product\/redcos-d-temperature-humidity-transmitter\/\">RedCos-D Temperature\/Humidity Transmitter<\/a><\/h5>\n<div class=\"jet-woo-products-cqw-wrapper\">\n\t<\/div>\t<\/div>\n\n\t<\/div>\n<div class=\"jet-woo-products__item jet-woo-builder-product jet-woo-thumb-with-effect\" data-product-id=\"15302\">\n\t<div class=\"jet-woo-products__inner-box\"  >\n\t\t\n<div class=\"jet-woo-product-thumbnail\">\n\t\n\t<a href=\"https:\/\/www.inpratex.com\/en\/product\/excos-p-atex-differential-pressure-transmitter\/\"><img decoding=\"async\" width=\"300\" height=\"300\" src=\"https:\/\/www.inpratex.com\/wp-content\/uploads\/2024\/03\/ExCos-P-1-300x300.jpg\" class=\"attachment-woocommerce_thumbnail size-woocommerce_thumbnail\" alt=\"\" data-no-lazy=\"1\" loading=\"auto\" \/><\/a>\n\t<div class=\"jet-woo-product-img-overlay\"><\/div>\n\n\t\n\t<\/div><h5 class=\"jet-woo-product-title\"><a href=\"https:\/\/www.inpratex.com\/en\/product\/excos-p-atex-differential-pressure-transmitter\/\">ExCos-P ATEX Differential Pressure Transmitter<\/a><\/h5>\n<div class=\"jet-woo-products-cqw-wrapper\">\n\t<\/div>\t<\/div>\n\n\t<\/div>\n<div class=\"jet-woo-products__item jet-woo-builder-product jet-woo-thumb-with-effect\" data-product-id=\"15307\">\n\t<div class=\"jet-woo-products__inner-box\"  >\n\t\t\n<div class=\"jet-woo-product-thumbnail\">\n\t\n\t<a href=\"https:\/\/www.inpratex.com\/en\/product\/redcos-p-atex-differential-pressure-transmitter\/\"><img decoding=\"async\" width=\"300\" height=\"300\" src=\"https:\/\/www.inpratex.com\/wp-content\/uploads\/2024\/03\/RedCos-P-300x300.jpg\" class=\"attachment-woocommerce_thumbnail size-woocommerce_thumbnail\" alt=\"\" data-no-lazy=\"1\" loading=\"auto\" \/><\/a>\n\t<div class=\"jet-woo-product-img-overlay\"><\/div>\n\n\t\n\t<\/div><h5 class=\"jet-woo-product-title\"><a href=\"https:\/\/www.inpratex.com\/en\/product\/redcos-p-atex-differential-pressure-transmitter\/\">RedCos-P ATEX Differential Pressure Transmitter<\/a><\/h5>\n<div class=\"jet-woo-products-cqw-wrapper\">\n\t<\/div>\t<\/div>\n\n\t<\/div>\n<div class=\"jet-woo-products__item jet-woo-builder-product jet-woo-thumb-with-effect\" data-product-id=\"15090\">\n\t<div class=\"jet-woo-products__inner-box\"  >\n\t\t\n<div class=\"jet-woo-product-thumbnail\">\n\t\n\t<a href=\"https:\/\/www.inpratex.com\/en\/product\/exreg-v-atex-volume-flow-pressure-controller\/\"><div class=\"jet-woo-product-thumbs effect-fade\"><div class=\"jet-woo-product-thumbs__inner\"><img decoding=\"async\" width=\"300\" height=\"300\" src=\"https:\/\/www.inpratex.com\/wp-content\/uploads\/2024\/03\/ExReg-V-2-300x300.jpg\" class=\"attachment-woocommerce_thumbnail size-woocommerce_thumbnail\" alt=\"\" data-no-lazy=\"1\" loading=\"auto\" \/><img decoding=\"async\" width=\"300\" height=\"300\" src=\"https:\/\/www.inpratex.com\/wp-content\/uploads\/2024\/03\/ExReg-V-ExMax-300x300.jpg\" class=\"attachment-woocommerce_thumbnail size-woocommerce_thumbnail\" alt=\"\" data-no-lazy=\"1\" loading=\"auto\" \/><\/div><\/div><\/a>\n\t<div class=\"jet-woo-product-img-overlay\"><\/div>\n\n\t\n\t<\/div><h5 class=\"jet-woo-product-title\"><a href=\"https:\/\/www.inpratex.com\/en\/product\/exreg-v-atex-volume-flow-pressure-controller\/\">ExReg-V ATEX Volume Flow \/ Pressure Controller<\/a><\/h5>\n<div class=\"jet-woo-products-cqw-wrapper\">\n\t<\/div>\t<\/div>\n\n\t<\/div><\/div>\n<\/div>\t\t\t\t<\/div>\n\t\t\t\t<\/div>\n\t\t\t\t\t<\/div>\n\t\t\t\t<\/div>\n\t\t\t\t<\/div>\n\t\t","protected":false},"excerpt":{"rendered":"<p>Sensors \/ Transmitters ExCos-D Sensor de Temperatura &#8211; Humedad ATEX RedCos-D Sensor de Temperatura &#8211; Humedad ATEX ExReg-D Controlador de Temperatura \/ Humedad ATEX ExCos-P Transmisor de Presi\u00f3n Diferencial ATEX RedCos-P Transmisor de Presi\u00f3n Diferencial ATEX ExReg-V Regulador de Caudal &#8211; Presi\u00f3n ATEX<\/p>\n","protected":false},"author":4,"featured_media":0,"parent":21546,"menu_order":0,"comment_status":"closed","ping_status":"closed","template":"elementor_header_footer","meta":{"footnotes":""},"class_list":["post-22472","page","type-page","status-publish","hentry"],"_links":{"self":[{"href":"https:\/\/www.inpratex.com\/en\/wp-json\/wp\/v2\/pages\/22472","targetHints":{"allow":["GET"]}}],"collection":[{"href":"https:\/\/www.inpratex.com\/en\/wp-json\/wp\/v2\/pages"}],"about":[{"href":"https:\/\/www.inpratex.com\/en\/wp-json\/wp\/v2\/types\/page"}],"author":[{"embeddable":true,"href":"https:\/\/www.inpratex.com\/en\/wp-json\/wp\/v2\/users\/4"}],"replies":[{"embeddable":true,"href":"https:\/\/www.inpratex.com\/en\/wp-json\/wp\/v2\/comments?post=22472"}],"version-history":[{"count":0,"href":"https:\/\/www.inpratex.com\/en\/wp-json\/wp\/v2\/pages\/22472\/revisions"}],"up":[{"embeddable":true,"href":"https:\/\/www.inpratex.com\/en\/wp-json\/wp\/v2\/pages\/21546"}],"wp:attachment":[{"href":"https:\/\/www.inpratex.com\/en\/wp-json\/wp\/v2\/media?parent=22472"}],"curies":[{"name":"wp","href":"https:\/\/api.w.org\/{rel}","templated":true}]}}