{"id":22027,"date":"2024-03-15T09:17:21","date_gmt":"2024-03-15T09:17:21","guid":{"rendered":"https:\/\/inpratex.com\/aviso-legal\/"},"modified":"2024-03-15T09:20:48","modified_gmt":"2024-03-15T09:20:48","slug":"aviso-legal","status":"publish","type":"page","link":"https:\/\/www.inpratex.com\/en\/aviso-legal\/","title":{"rendered":"Aviso Legal"},"content":{"rendered":"\t\t<div data-elementor-type=\"wp-page\" data-elementor-id=\"22027\" class=\"elementor elementor-22027 elementor-22021\" data-elementor-post-type=\"page\">\n\t\t\t\t<div class=\"elementor-element elementor-element-58cc8b65 e-flex e-con-boxed e-con e-parent\" data-id=\"58cc8b65\" data-element_type=\"container\" data-e-type=\"container\">\n\t\t\t\t\t<div class=\"e-con-inner\">\n\t\t\t\t<div class=\"elementor-element elementor-element-7ceb14ea elementor-widget elementor-widget-woocommerce-breadcrumb\" data-id=\"7ceb14ea\" data-element_type=\"widget\" data-e-type=\"widget\" data-widget_type=\"woocommerce-breadcrumb.default\">\n\t\t\t\t<div class=\"elementor-widget-container\">\n\t\t\t\t\t<nav class=\"woocommerce-breadcrumb\" aria-label=\"Breadcrumb\">Home<\/nav>\t\t\t\t<\/div>\n\t\t\t\t<\/div>\n\t\t\t\t\t<\/div>\n\t\t\t\t<\/div>\n\t\t<div class=\"elementor-element elementor-element-63052950 e-flex e-con-boxed e-con e-child\" data-id=\"63052950\" data-element_type=\"container\" data-e-type=\"container\">\n\t\t\t\t\t<div class=\"e-con-inner\">\n\t\t\t\t<div class=\"elementor-element elementor-element-2058db82 elementor-widget elementor-widget-image\" data-id=\"2058db82\" data-element_type=\"widget\" data-e-type=\"widget\" data-widget_type=\"image.default\">\n\t\t\t\t<div class=\"elementor-widget-container\">\n\t\t\t\t\t\t\t\t\t\t\t\t\t\t\t<img decoding=\"async\" src=\"https:\/\/inpratex.com\/wp-content\/uploads\/2024\/02\/icono_encabezados.png\" title=\"\" alt=\"\" loading=\"lazy\" \/>\t\t\t\t\t\t\t\t\t\t\t\t\t\t\t<\/div>\n\t\t\t\t<\/div>\n\t\t\t\t<div class=\"elementor-element elementor-element-d491f4b elementor-widget__width-auto elementor-widget elementor-widget-heading\" data-id=\"d491f4b\" data-element_type=\"widget\" data-e-type=\"widget\" data-widget_type=\"heading.default\">\n\t\t\t\t<div class=\"elementor-widget-container\">\n\t\t\t\t\t<h2 class=\"elementor-heading-title elementor-size-default\">Aviso Legal<\/h2>\t\t\t\t<\/div>\n\t\t\t\t<\/div>\n\t\t\t\t\t<\/div>\n\t\t\t\t<\/div>\n\t\t<div class=\"elementor-element elementor-element-3f964236 e-flex e-con-boxed e-con e-parent\" data-id=\"3f964236\" data-element_type=\"container\" data-e-type=\"container\">\n\t\t\t\t\t<div class=\"e-con-inner\">\n\t\t\t\t<div class=\"elementor-element elementor-element-5e594eba elementor-widget elementor-widget-text-editor\" data-id=\"5e594eba\" data-element_type=\"widget\" data-e-type=\"widget\" data-widget_type=\"text-editor.default\">\n\t\t\t\t<div class=\"elementor-widget-container\">\n\t\t\t\t\t\t\t\t\t<div class=\"wpb_text_column wpb_content_element \">\n<div class=\"wpb_wrapper\">\n<p><span style=\"color: #000000;\">Informaci\u00f3n obligatoria del titular de la p\u00e1gina web:<\/span><\/p>\n<p><span style=\"color: #000000;\"><strong>INPRATEX ATM\u00d3SFERAS EXPLOSIVAS, S.L.<\/strong><\/span><br \/><span style=\"color: #000000;\">Pol\u00edgono Industrial de Matsaria, 34. 20600 EIBAR (Gipuzkoa) \u2013 Espa\u00f1a<\/span><br \/><span style=\"color: #000000;\">CIF: B75003574<\/span><br \/><span style=\"color: #000000;\">Tel: (+34) 943 530 095<\/span><br \/><span style=\"color: #000000;\">email: inpratex@inpratex.com<\/span><\/p>\n<\/div>\n<\/div>\n<div class=\"wpb_text_column wpb_content_element \">\n<div class=\"wpb_wrapper\">\n<p><span style=\"color: #000000;\"><strong>1. Introducci\u00f3n.<\/strong><\/span><\/p>\n<p><span style=\"color: #000000;\">El presente Aviso Legal (en adelante Aviso Legal) regula el acceso, navegaci\u00f3n y uso de la p\u00e1gina web\u00a0<a style=\"color: #000000;\" href=\"https:\/\/inpratex.com\/\">www.inpratex.com<\/a>\u00a0(en adelante la p\u00e1gina Web), cuya titularidad corresponde a\u00a0<strong>INPRATEX ATM\u00d3SFERAS EXPLOSIVAS, S.L.<\/strong>, (en adelante\u00a0<strong>INPRATEX<\/strong>\u00a0o el Titular), con domicilio en el Pol\u00edgono Industrial de Matsaria 34 de Eibar (Gipuzkoa) \u2013 Espa\u00f1a, con CIF: B75003574, e inscrita en el Registro Mercantil de Guip\u00fazcoa, Tomo 2438, Hoja SS-3188,. Folio 1\u00ba Inscripci\u00f3n 1\u00aa.<\/span><\/p>\n<p><span style=\"color: #000000;\">El acceso a la p\u00e1gina Web es gratuito.<\/span><\/p>\n<\/div>\n<\/div>\n<div class=\"wpb_text_column wpb_content_element \">\n<div class=\"wpb_wrapper\">\n<p><span style=\"color: #000000;\"><strong>2. Aceptaci\u00f3n.<\/strong><\/span><\/p>\n<p><span style=\"color: #000000;\">La utilizaci\u00f3n de la p\u00e1gina Web atribuye la condici\u00f3n de usuario (en adelante el Usuario) e implica la aceptaci\u00f3n de todas las condiciones y t\u00e9rminos de uso incluidos en el presente Aviso Legal,as\u00ed como el cap\u00edtulo de\u00a0<a style=\"color: #000000;\" href=\"https:\/\/inpratex.com\/politica-de-privacidad\/\">Pol\u00edtica de Privacidad<\/a>.<\/span><\/p>\n<p><span style=\"color: #000000;\">Se recomienda a los Usuarios leer atentamente este Aviso Legal de forma peri\u00f3dica, ya que las condiciones de uso de la misma, recogidas en el mencionado aviso, pueden sufrir modificaciones.<\/span><\/p>\n<p><span style=\"color: #000000;\"><strong>INPRATEX<\/strong>\u00a0se reserva la facultad de modificar unilateralmente las condiciones y t\u00e9rminos de uso de esta p\u00e1gina Web. Cualquier cambio en este sentido se publicar\u00e1 de forma visible en la p\u00e1gina Web de manera que pueda ser conocido por el Usuario antes de la visita a la p\u00e1gina.<\/span><\/p>\n<p><span style=\"color: #000000;\"><strong>Navegaci\u00f3n, acceso y seguridad.<\/strong><\/span><\/p>\n<p><span style=\"color: #000000;\">El acceso y navegaci\u00f3n en esta p\u00e1gina Web supone aceptar y conocer las advertencias legales, condiciones y t\u00e9rminos de uso contenidas en ella.\u00a0<strong>INPRATEX<\/strong>\u00a0realiza los m\u00e1ximos esfuerzos para que la navegaci\u00f3n se realice en las mejores condiciones y evitar los perjuicios de cualquier tipo que pudiesen ocasionarse durante la misma.<\/span><\/p>\n<p><span style=\"color: #000000;\">El Titular no se hace responsable de los perjuicios, de cualquier \u00edndole, que pudieran ocasionarse a los Usuarios por la utilizaci\u00f3n de otros navegadores o versiones distintas de los navegadores para los que ha sido dise\u00f1ada la p\u00e1gina Web.<\/span><\/p>\n<p><span style=\"color: #000000;\">El acceso a esta p\u00e1gina Web se realiza en un entorno seguro, por lo que la informaci\u00f3n se transmite de forma cifrada.<\/span><\/p>\n<\/div>\n<\/div>\n<div class=\"wpb_text_column wpb_content_element \">\n<div class=\"wpb_wrapper\">\n<p><span style=\"color: #000000;\"><strong>3. Obligaciones del Usuario.<\/strong><\/span><\/p>\n<p><span style=\"color: #000000;\">Obligaci\u00f3n de hacer un uso correcto de la p\u00e1gina Web.<\/span><\/p>\n<p><span style=\"color: #000000;\">Las condiciones de acceso y uso de esta p\u00e1gina Web est\u00e1n supeditadas a la legalidad vigente y a los principios de buena fe y uso l\u00edcito por parte del Usuario de la misma quedando prohibido, con car\u00e1cter general, cualquier tipo de actuaci\u00f3n en perjuicio de\u00a0<strong>INPRATEX<\/strong>\u00a0y contraria al presente Aviso Legal.<\/span><\/p>\n<p><span style=\"color: #000000;\">El Usuario se compromete a utilizar este servicio sin incurrir en actividades que puedan ser consideradas il\u00edcitas o ilegales, que infrinjan los derechos de\u00a0<strong>INPRATEX<\/strong>\u00a0o de terceros, o que puedan da\u00f1ar, inutilizar, sobrecargar o deteriorar la p\u00e1gina Web o impedir la normal utilizaci\u00f3n de la misma por parte de otros Usuarios.<\/span><\/p>\n<p><span style=\"color: #000000;\">El uso de la p\u00e1gina Web se realiza bajo la exclusiva responsabilidad del Usuario, no siendo\u00a0<strong>INPRATEX<\/strong>\u00a0en ning\u00fan caso responsable de los da\u00f1os que pudieran ocasionarse en los sistemas inform\u00e1ticos de los Usuarios derivados del acceso, uso o mala utilizaci\u00f3n de los contenidos de la Web, de la informaci\u00f3n adquirida a trav\u00e9s de esta, de virus inform\u00e1ticos, de fallos operativos o de interrupciones en el servicio o transmisi\u00f3n.<\/span><\/p>\n<p><span style=\"color: #000000;\">Los Usuarios deber\u00e1n atender a los t\u00e9rminos y condiciones uso de la p\u00e1gina Web contenidos en el presente Aviso Legal.<\/span><\/p>\n<p><span style=\"color: #000000;\"><strong>Prohibiciones.<\/strong><\/span><\/p>\n<p><span style=\"color: #000000;\">Queda prohibido el uso de esta Web con fines ilegales o no autorizados, en concreto y sin car\u00e1cter taxativo:<\/span><\/p>\n<p><span style=\"color: #000000;\">Cualquier forma de violaci\u00f3n de los derechos de terceros (derecho a la intimidad, derecho a la propia imagen, derechos de propiedad intelectual e industrial, etc.).<\/span><\/p>\n<p><span style=\"color: #000000;\">Realizar, usando los contenidos de esta Web, cualquier tipo de publicidad como env\u00edo de correos electr\u00f3nicos no solicitados (spam) o comunicaci\u00f3n similar.<\/span><\/p>\n<p><span style=\"color: #000000;\">Introducir virus inform\u00e1ticos, archivos defectuosos o cualquier otro software o programa inform\u00e1tico que pueda provocar da\u00f1os o alteraciones no autorizadas de los contenidos o sistemas accesibles a trav\u00e9s de esta p\u00e1gina Web.<\/span><\/p>\n<\/div>\n<\/div>\n<div class=\"wpb_text_column wpb_content_element \">\n<div class=\"wpb_wrapper\">\n<p><span style=\"color: #000000;\"><strong>4. Actualizaciones.<\/strong><\/span><\/p>\n<p><span style=\"color: #000000;\">La informaci\u00f3n que aparece en esta p\u00e1gina Web es la vigente en la fecha de su \u00faltima actualizaci\u00f3n. El Titular se reserva el derecho a actualizar, modificar o eliminar la informaci\u00f3n de esta p\u00e1gina Web.<\/span><\/p>\n<\/div>\n<\/div>\n<div class=\"wpb_text_column wpb_content_element \">\n<div class=\"wpb_wrapper\">\n<p><span style=\"color: #000000;\"><strong>5. Propiedad intelectual.<\/strong><\/span><\/p>\n<p><span style=\"color: #000000;\">Toda la informaci\u00f3n contenida en esta p\u00e1gina Web, as\u00ed como su dise\u00f1o gr\u00e1fico y los c\u00f3digos utilizados, est\u00e1n protegidos por derechos de autor u otros derechos de protecci\u00f3n recogidos en el Real Decreto Legislativo 1\/1996, de 12 de abril, por el que se aprueba el Texto Refundido de la Ley de Propiedad Intelectual. Estos derechos pertenecen exclusivamente a\u00a0<strong>INPRATEX<\/strong>, salvo que expresamente se indique que pertenecen a otro titular; por lo tanto, queda expresamente excluido cualquier acto de reproducci\u00f3n, distribuci\u00f3n, transformaci\u00f3n o comunicaci\u00f3n p\u00fablica, as\u00ed como cualquier tipo de cesi\u00f3n, del todo o parte del contenido de este sitio, y en general de cualquier objeto que seg\u00fan la legislaci\u00f3n vigente sea protegible por las normas de propiedad intelectual.<\/span><\/p>\n<p><span style=\"color: #000000;\">Todo el contenido de la p\u00e1gina Web incluyendo dise\u00f1os, texto, gr\u00e1ficos, im\u00e1genes, v\u00eddeo, informaci\u00f3n, aplicaciones, software, m\u00fasica, sonido y otros archivos, as\u00ed como su selecci\u00f3n y disposici\u00f3n (en adelante el Contenido) son propiedad exclusiva del Titular o de sus licenciantes, con todos los derechos reservados. Ninguna parte del Contenido de la p\u00e1gina Web podr\u00e1 ser modificada, copiada, distribuida, enmarcada, reproducida, republicada, descargada, extra\u00edda, mostrada, publicada, transmitida o vendida en modo alguno o por ning\u00fan medio, total o parcialmente, sin el previo consentimiento por escrito del Titular. Siempre que el Usuario est\u00e9 legitimado para usar la p\u00e1gina Web, el Titular otorga una licencia limitada para usar y acceder a la p\u00e1gina Web y a su Contenido, para descargar leg\u00edtimamente y s\u00f3lo para uso personal y no comercial, el contenido del mismo, siempre y cuando se mantengan intactas todas las advertencias sobre derechos de autor y propiedad intelectual. No se podr\u00e1 cargar o republicar Contenido de la p\u00e1gina Web en ning\u00fan sitio de Internet, Intranet o Extranet ni integrar la informaci\u00f3n en bases de datos o compilaci\u00f3n. Cualquier otro uso del Contenido de la p\u00e1gina Web queda estrictamente prohibido.<\/span><\/p>\n<p><span style=\"color: #000000;\">El Contenido de esta p\u00e1gina Web no debe ser utilizado para difusi\u00f3n p\u00fablica o con fines comerciales, y no debe ser modificado sin el previo consentimiento escrito del Titular.<\/span><\/p>\n<\/div>\n<\/div>\n<div class=\"wpb_text_column wpb_content_element \">\n<div class=\"wpb_wrapper\">\n<p><span style=\"color: #000000;\"><strong>6. Marcas registradas.<\/strong><\/span><\/p>\n<p><span style=\"color: #000000;\">Todas las marcas, logotipos y anagramas mostrados en este sitio son propiedad de\u00a0<strong>INPRATEX<\/strong>\u00a0o de terceras empresas. Queda expresamente prohibida la utilizaci\u00f3n, sin previo consentimiento, de cualquier elemento de esta p\u00e1gina Web que sea objeto de protecci\u00f3n de acuerdo con la legislaci\u00f3n vigente relativa a propiedad industrial. Especialmente, no podr\u00e1n utilizarse marcas, nombres comerciales, r\u00f3tulos de establecimientos, denominaciones, logotipos, esl\u00f3ganes o cualquier tipo de signo distintivo perteneciente al Titular.<\/span><\/p>\n<\/div>\n<\/div>\n\t\t\t\t\t\t\t\t<\/div>\n\t\t\t\t<\/div>\n\t\t\t\t\t<\/div>\n\t\t\t\t<\/div>\n\t\t\t\t<\/div>\n\t\t","protected":false},"excerpt":{"rendered":"<p>Aviso Legal Informaci\u00f3n obligatoria del titular de la p\u00e1gina web: INPRATEX ATM\u00d3SFERAS EXPLOSIVAS, S.L.Pol\u00edgono Industrial de Matsaria, 34. 20600 EIBAR (Gipuzkoa) \u2013 Espa\u00f1aCIF: B75003574Tel: (+34) 943 530 095email: inpratex@inpratex.com 1. Introducci\u00f3n. El presente Aviso Legal (en adelante Aviso Legal) regula el acceso, navegaci\u00f3n y uso de la p\u00e1gina web\u00a0www.inpratex.com\u00a0(en adelante la p\u00e1gina Web), cuya titularidad [&hellip;]<\/p>\n","protected":false},"author":4,"featured_media":0,"parent":0,"menu_order":0,"comment_status":"closed","ping_status":"closed","template":"elementor_header_footer","meta":{"footnotes":""},"class_list":["post-22027","page","type-page","status-publish","hentry"],"_links":{"self":[{"href":"https:\/\/www.inpratex.com\/en\/wp-json\/wp\/v2\/pages\/22027","targetHints":{"allow":["GET"]}}],"collection":[{"href":"https:\/\/www.inpratex.com\/en\/wp-json\/wp\/v2\/pages"}],"about":[{"href":"https:\/\/www.inpratex.com\/en\/wp-json\/wp\/v2\/types\/page"}],"author":[{"embeddable":true,"href":"https:\/\/www.inpratex.com\/en\/wp-json\/wp\/v2\/users\/4"}],"replies":[{"embeddable":true,"href":"https:\/\/www.inpratex.com\/en\/wp-json\/wp\/v2\/comments?post=22027"}],"version-history":[{"count":0,"href":"https:\/\/www.inpratex.com\/en\/wp-json\/wp\/v2\/pages\/22027\/revisions"}],"wp:attachment":[{"href":"https:\/\/www.inpratex.com\/en\/wp-json\/wp\/v2\/media?parent=22027"}],"curies":[{"name":"wp","href":"https:\/\/api.w.org\/{rel}","templated":true}]}}