{"id":21855,"date":"2024-03-14T10:36:39","date_gmt":"2024-03-14T10:36:39","guid":{"rendered":"https:\/\/inpratex.com\/atex-signalling-devices\/atex-optical-and-acoustic-signalling-devices\/"},"modified":"2024-03-21T18:52:18","modified_gmt":"2024-03-21T18:52:18","slug":"atex-optical-and-acoustic-signalling-devices","status":"publish","type":"page","link":"https:\/\/www.inpratex.com\/en\/atex-equipment\/atex-signalling-devices\/atex-optical-and-acoustic-signalling-devices\/","title":{"rendered":"ATEX Optical and Acoustic Signalling Devices"},"content":{"rendered":"\t\t<div data-elementor-type=\"wp-page\" data-elementor-id=\"21855\" class=\"elementor elementor-21855 elementor-21849\" data-elementor-post-type=\"page\">\n\t\t\t\t<div class=\"elementor-element elementor-element-1d85d3e2 e-flex e-con-boxed e-con e-parent\" data-id=\"1d85d3e2\" data-element_type=\"container\" data-e-type=\"container\">\n\t\t\t\t\t<div class=\"e-con-inner\">\n\t\t\t\t<div class=\"elementor-element elementor-element-31f199d elementor-widget elementor-widget-woocommerce-breadcrumb\" data-id=\"31f199d\" data-element_type=\"widget\" data-e-type=\"widget\" data-widget_type=\"woocommerce-breadcrumb.default\">\n\t\t\t\t<div class=\"elementor-widget-container\">\n\t\t\t\t\t<nav class=\"woocommerce-breadcrumb\" aria-label=\"Breadcrumb\">Home<\/nav>\t\t\t\t<\/div>\n\t\t\t\t<\/div>\n\t\t\t\t\t<\/div>\n\t\t\t\t<\/div>\n\t\t<div class=\"elementor-element elementor-element-24396e81 e-flex e-con-boxed e-con e-child\" data-id=\"24396e81\" data-element_type=\"container\" data-e-type=\"container\">\n\t\t\t\t\t<div class=\"e-con-inner\">\n\t\t\t\t<div class=\"elementor-element elementor-element-3df7285b elementor-widget elementor-widget-image\" data-id=\"3df7285b\" data-element_type=\"widget\" data-e-type=\"widget\" data-widget_type=\"image.default\">\n\t\t\t\t<div class=\"elementor-widget-container\">\n\t\t\t\t\t\t\t\t\t\t\t\t\t\t\t<img decoding=\"async\" src=\"https:\/\/inpratex.com\/wp-content\/uploads\/2024\/02\/icono_encabezados.png\" title=\"\" alt=\"\" loading=\"lazy\" \/>\t\t\t\t\t\t\t\t\t\t\t\t\t\t\t<\/div>\n\t\t\t\t<\/div>\n\t\t\t\t<div class=\"elementor-element elementor-element-73e4d1e6 elementor-widget__width-auto elementor-widget elementor-widget-heading\" data-id=\"73e4d1e6\" data-element_type=\"widget\" data-e-type=\"widget\" data-widget_type=\"heading.default\">\n\t\t\t\t<div class=\"elementor-widget-container\">\n\t\t\t\t\t<h2 class=\"elementor-heading-title elementor-size-default\">ATEX Optical and Acoustic Signalling Devices<\/h2>\t\t\t\t<\/div>\n\t\t\t\t<\/div>\n\t\t\t\t\t<\/div>\n\t\t\t\t<\/div>\n\t\t<div class=\"elementor-element elementor-element-60fa2c26 e-flex e-con-boxed e-con e-parent\" data-id=\"60fa2c26\" data-element_type=\"container\" data-e-type=\"container\">\n\t\t\t\t\t<div class=\"e-con-inner\">\n\t\t<div class=\"elementor-element elementor-element-4b22ae59 e-flex e-con-boxed e-con e-child\" data-id=\"4b22ae59\" data-element_type=\"container\" data-e-type=\"container\" data-settings=\"{&quot;background_background&quot;:&quot;classic&quot;}\">\n\t\t\t\t\t<div class=\"e-con-inner\">\n\t\t\t\t\t<\/div>\n\t\t\t\t<\/div>\n\t\t\t\t\t<\/div>\n\t\t\t\t<\/div>\n\t\t<div class=\"elementor-element elementor-element-2eccd59 e-flex e-con-boxed e-con e-parent\" data-id=\"2eccd59\" data-element_type=\"container\" data-e-type=\"container\">\n\t\t\t\t\t<div class=\"e-con-inner\">\n\t\t\t\t<div class=\"elementor-element elementor-element-77807ebf elementor-widget elementor-widget-text-editor\" data-id=\"77807ebf\" data-element_type=\"widget\" data-e-type=\"widget\" data-widget_type=\"text-editor.default\">\n\t\t\t\t<div class=\"elementor-widget-container\">\n\t\t\t\t\t\t\t\t\t<p>&nbsp;<\/p>\n\t\t\t\t\t\t\t\t<\/div>\n\t\t\t\t<\/div>\n\t\t\t\t\t<\/div>\n\t\t\t\t<\/div>\n\t\t<div class=\"elementor-element elementor-element-5eb3aabc e-flex e-con-boxed e-con e-parent\" data-id=\"5eb3aabc\" data-element_type=\"container\" data-e-type=\"container\">\n\t\t\t\t\t<div class=\"e-con-inner\">\n\t\t\t\t<div class=\"elementor-element elementor-element-41e1bed7 elementor-widget elementor-widget-jet-woo-products\" data-id=\"41e1bed7\" data-element_type=\"widget\" data-e-type=\"widget\" data-settings=\"{&quot;columns&quot;:&quot;5&quot;,&quot;columns_tablet&quot;:&quot;4&quot;,&quot;columns_mobile&quot;:&quot;2&quot;}\" data-widget_type=\"jet-woo-products.default\">\n\t\t\t\t<div class=\"elementor-widget-container\">\n\t\t\t\t\t<div class=\"elementor-jet-woo-products jet-woo-builder\"><div class=\"jet-woo-products jet-woo-products--preset-1 col-row  \" data-mobile-hover=\"\" >\n<div class=\"jet-woo-products__item jet-woo-builder-product jet-woo-thumb-with-effect\" data-product-id=\"18516\">\n\t<div class=\"jet-woo-products__inner-box\"  >\n\t\t\n<div class=\"jet-woo-product-thumbnail\">\n\t\n\t<a href=\"https:\/\/www.inpratex.com\/en\/product\/atex-lr4-lr6-signal-tower\/\"><img fetchpriority=\"high\" decoding=\"async\" width=\"300\" height=\"300\" src=\"https:\/\/www.inpratex.com\/wp-content\/uploads\/2022\/10\/LR4-LR6-300x300.jpg\" class=\"attachment-woocommerce_thumbnail size-woocommerce_thumbnail\" alt=\"Torre de Se\u00f1alizaci\u00f3n ATEX LR4-LR6\" data-no-lazy=\"1\" loading=\"auto\" \/><\/a>\n\t<div class=\"jet-woo-product-img-overlay\"><\/div>\n\n\t\n\t<\/div><h5 class=\"jet-woo-product-title\"><a href=\"https:\/\/www.inpratex.com\/en\/product\/atex-lr4-lr6-signal-tower\/\">ATEX LR4 \/ LR6 Signal Tower<\/a><\/h5>\n<div class=\"jet-woo-products-cqw-wrapper\">\n\t<\/div>\t<\/div>\n\n\t<\/div>\n<div class=\"jet-woo-products__item jet-woo-builder-product jet-woo-thumb-with-effect\" data-product-id=\"13922\">\n\t<div class=\"jet-woo-products__inner-box\"  >\n\t\t\n<div class=\"jet-woo-product-thumbnail\">\n\t\n\t<a href=\"https:\/\/www.inpratex.com\/en\/product\/atex-bbj81-audio-visual-caution-spotlight-fittings\/\"><div class=\"jet-woo-product-thumbs effect-fade\"><div class=\"jet-woo-product-thumbs__inner\"><img decoding=\"async\" width=\"300\" height=\"300\" src=\"https:\/\/www.inpratex.com\/wp-content\/uploads\/2024\/03\/BBJ81-300x300.jpg\" class=\"attachment-woocommerce_thumbnail size-woocommerce_thumbnail\" alt=\"\" data-no-lazy=\"1\" loading=\"auto\" \/><img decoding=\"async\" width=\"300\" height=\"300\" src=\"https:\/\/www.inpratex.com\/wp-content\/uploads\/2024\/03\/BBJ81-1-300x300.jpg\" class=\"attachment-woocommerce_thumbnail size-woocommerce_thumbnail\" alt=\"\" data-no-lazy=\"1\" loading=\"auto\" \/><\/div><\/div><\/a>\n\t<div class=\"jet-woo-product-img-overlay\"><\/div>\n\n\t\n\t<\/div><h5 class=\"jet-woo-product-title\"><a href=\"https:\/\/www.inpratex.com\/en\/product\/atex-bbj81-audio-visual-caution-spotlight-fittings\/\">ATEX BBJ81 Audio &#038; Visual Caution Spotlight Fittings<\/a><\/h5>\n<div class=\"jet-woo-products-cqw-wrapper\">\n\t<\/div>\t<\/div>\n\n\t<\/div>\n<div class=\"jet-woo-products__item jet-woo-builder-product jet-woo-thumb-with-effect\" data-product-id=\"13815\">\n\t<div class=\"jet-woo-products__inner-box\"  >\n\t\t\n<div class=\"jet-woo-product-thumbnail\">\n\t\n\t<a href=\"https:\/\/www.inpratex.com\/en\/product\/atex-sb150-1-sounder-beacon-grp\/\"><img decoding=\"async\" width=\"300\" height=\"300\" src=\"https:\/\/www.inpratex.com\/wp-content\/uploads\/2024\/03\/SB-150-1-GRP-300x300.jpg\" class=\"attachment-woocommerce_thumbnail size-woocommerce_thumbnail\" alt=\"\" data-no-lazy=\"1\" loading=\"auto\" \/><\/a>\n\t<div class=\"jet-woo-product-img-overlay\"><\/div>\n\n\t\n\t<\/div><h5 class=\"jet-woo-product-title\"><a href=\"https:\/\/www.inpratex.com\/en\/product\/atex-sb150-1-sounder-beacon-grp\/\">ATEX SB 150-1 Sounder \/ Beacon &#8211; GRP<\/a><\/h5>\n<div class=\"jet-woo-products-cqw-wrapper\">\n\t<\/div>\t<\/div>\n\n\t<\/div><\/div>\n<\/div>\t\t\t\t<\/div>\n\t\t\t\t<\/div>\n\t\t\t\t\t<\/div>\n\t\t\t\t<\/div>\n\t\t\t\t<\/div>\n\t\t","protected":false},"excerpt":{"rendered":"<p>ATEX Optical and Acoustic Signalling Devices &nbsp; Torre de Se\u00f1alizaci\u00f3n ATEX LR4 \/ LR6 Combinado Sonoro-Luminoso ATEX LED BBJ81 Combinado Sonoro-Luminoso ATEX LED SB150-1 &#8211; GRP Combinado Sonoro-Luminoso ATEX LED SB125-1 &#8211; INOX Se\u00f1alizaci\u00f3n \u00d3ptica y Ac\u00fastica ATEX TWIN-EExII<\/p>\n","protected":false},"author":4,"featured_media":0,"parent":21831,"menu_order":0,"comment_status":"closed","ping_status":"closed","template":"elementor_header_footer","meta":{"footnotes":""},"class_list":["post-21855","page","type-page","status-publish","hentry"],"_links":{"self":[{"href":"https:\/\/www.inpratex.com\/en\/wp-json\/wp\/v2\/pages\/21855","targetHints":{"allow":["GET"]}}],"collection":[{"href":"https:\/\/www.inpratex.com\/en\/wp-json\/wp\/v2\/pages"}],"about":[{"href":"https:\/\/www.inpratex.com\/en\/wp-json\/wp\/v2\/types\/page"}],"author":[{"embeddable":true,"href":"https:\/\/www.inpratex.com\/en\/wp-json\/wp\/v2\/users\/4"}],"replies":[{"embeddable":true,"href":"https:\/\/www.inpratex.com\/en\/wp-json\/wp\/v2\/comments?post=21855"}],"version-history":[{"count":0,"href":"https:\/\/www.inpratex.com\/en\/wp-json\/wp\/v2\/pages\/21855\/revisions"}],"up":[{"embeddable":true,"href":"https:\/\/www.inpratex.com\/en\/wp-json\/wp\/v2\/pages\/21831"}],"wp:attachment":[{"href":"https:\/\/www.inpratex.com\/en\/wp-json\/wp\/v2\/media?parent=21855"}],"curies":[{"name":"wp","href":"https:\/\/api.w.org\/{rel}","templated":true}]}}