{"id":21546,"date":"2024-03-13T14:15:04","date_gmt":"2024-03-13T14:15:04","guid":{"rendered":"https:\/\/inpratex.com\/atex-instrumentation-devices\/temperature-humidity-and-pressure\/"},"modified":"2024-05-06T14:33:10","modified_gmt":"2024-05-06T12:33:10","slug":"temperature-humidity-and-pressure","status":"publish","type":"page","link":"https:\/\/www.inpratex.com\/en\/atex-equipment\/atex-instrumentation-devices\/temperature-humidity-and-pressure\/","title":{"rendered":"Temperature, Humidity and Pressure"},"content":{"rendered":"\t\t<div data-elementor-type=\"wp-page\" data-elementor-id=\"21546\" class=\"elementor elementor-21546 elementor-21540\" data-elementor-post-type=\"page\">\n\t\t\t\t<div class=\"elementor-element elementor-element-3025a8a0 e-flex e-con-boxed e-con e-parent\" data-id=\"3025a8a0\" data-element_type=\"container\" data-e-type=\"container\">\n\t\t\t\t\t<div class=\"e-con-inner\">\n\t\t\t\t<div class=\"elementor-element elementor-element-9efce64 elementor-widget elementor-widget-woocommerce-breadcrumb\" data-id=\"9efce64\" data-element_type=\"widget\" data-e-type=\"widget\" data-widget_type=\"woocommerce-breadcrumb.default\">\n\t\t\t\t<div class=\"elementor-widget-container\">\n\t\t\t\t\t<nav class=\"woocommerce-breadcrumb\" aria-label=\"Breadcrumb\">Home<\/nav>\t\t\t\t<\/div>\n\t\t\t\t<\/div>\n\t\t\t\t\t<\/div>\n\t\t\t\t<\/div>\n\t\t<div class=\"elementor-element elementor-element-45deb137 e-flex e-con-boxed e-con e-child\" data-id=\"45deb137\" data-element_type=\"container\" data-e-type=\"container\">\n\t\t\t\t\t<div class=\"e-con-inner\">\n\t\t\t\t<div class=\"elementor-element elementor-element-24b498a5 elementor-widget elementor-widget-image\" data-id=\"24b498a5\" data-element_type=\"widget\" data-e-type=\"widget\" data-widget_type=\"image.default\">\n\t\t\t\t<div class=\"elementor-widget-container\">\n\t\t\t\t\t\t\t\t\t\t\t\t\t\t\t<img decoding=\"async\" src=\"https:\/\/inpratex.com\/wp-content\/uploads\/2024\/02\/icono_encabezados.png\" title=\"\" alt=\"\" loading=\"lazy\" \/>\t\t\t\t\t\t\t\t\t\t\t\t\t\t\t<\/div>\n\t\t\t\t<\/div>\n\t\t\t\t<div class=\"elementor-element elementor-element-700ca76 elementor-widget__width-auto elementor-widget elementor-widget-heading\" data-id=\"700ca76\" data-element_type=\"widget\" data-e-type=\"widget\" data-widget_type=\"heading.default\">\n\t\t\t\t<div class=\"elementor-widget-container\">\n\t\t\t\t\t<h2 class=\"elementor-heading-title elementor-size-default\">Temperature, Humidity and Pressure<\/h2>\t\t\t\t<\/div>\n\t\t\t\t<\/div>\n\t\t\t\t\t<\/div>\n\t\t\t\t<\/div>\n\t\t<div class=\"elementor-element elementor-element-30cf10a8 e-flex e-con-boxed e-con e-parent\" data-id=\"30cf10a8\" data-element_type=\"container\" data-e-type=\"container\">\n\t\t\t\t\t<div class=\"e-con-inner\">\n\t\t<div class=\"elementor-element elementor-element-1743ac67 e-flex e-con-boxed e-con e-child\" data-id=\"1743ac67\" data-element_type=\"container\" data-e-type=\"container\" data-settings=\"{&quot;background_background&quot;:&quot;classic&quot;}\">\n\t\t\t\t\t<div class=\"e-con-inner\">\n\t\t\t\t\t<\/div>\n\t\t\t\t<\/div>\n\t\t\t\t\t<\/div>\n\t\t\t\t<\/div>\n\t\t<div class=\"elementor-element elementor-element-5bc50fc2 e-flex e-con-boxed e-con e-parent\" data-id=\"5bc50fc2\" data-element_type=\"container\" data-e-type=\"container\">\n\t\t\t\t\t<div class=\"e-con-inner\">\n\t\t\t\t<div class=\"elementor-element elementor-element-61fbdad7 elementor-widget elementor-widget-jet-woo-products\" data-id=\"61fbdad7\" data-element_type=\"widget\" data-e-type=\"widget\" data-settings=\"{&quot;columns&quot;:&quot;5&quot;,&quot;columns_tablet&quot;:&quot;4&quot;,&quot;columns_mobile&quot;:&quot;2&quot;}\" data-widget_type=\"jet-woo-products.default\">\n\t\t\t\t<div class=\"elementor-widget-container\">\n\t\t\t\t\t<div class=\"elementor-jet-woo-products jet-woo-builder\"><div class=\"jet-woo-products jet-woo-products--preset-1 col-row  \" data-mobile-hover=\"\" >\n<div class=\"jet-woo-products__item jet-woo-builder-product jet-woo-thumb-with-effect\" data-product-id=\"13352\">\n\t<div class=\"jet-woo-products__inner-box\"  >\n\t\t\n<div class=\"jet-woo-product-thumbnail\">\n\t\n\t<a href=\"https:\/\/www.inpratex.com\/en\/product\/excos-d-temperature-humidity-transmitter\/\"><img fetchpriority=\"high\" decoding=\"async\" width=\"300\" height=\"300\" src=\"https:\/\/www.inpratex.com\/wp-content\/uploads\/2024\/03\/ExCos-D-300x300.jpg\" class=\"attachment-woocommerce_thumbnail size-woocommerce_thumbnail\" alt=\"\" data-no-lazy=\"1\" loading=\"auto\" \/><\/a>\n\t<div class=\"jet-woo-product-img-overlay\"><\/div>\n\n\t\n\t<\/div><h5 class=\"jet-woo-product-title\"><a href=\"https:\/\/www.inpratex.com\/en\/product\/excos-d-temperature-humidity-transmitter\/\">ExCos-D Temperature\/Humidity Transmitter<\/a><\/h5>\n<div class=\"jet-woo-products-cqw-wrapper\">\n\t<\/div>\t<\/div>\n\n\t<\/div>\n<div class=\"jet-woo-products__item jet-woo-builder-product jet-woo-thumb-with-effect\" data-product-id=\"13638\">\n\t<div class=\"jet-woo-products__inner-box\"  >\n\t\t\n<div class=\"jet-woo-product-thumbnail\">\n\t\n\t<a href=\"https:\/\/www.inpratex.com\/en\/product\/redcos-d-temperature-humidity-transmitter\/\"><img decoding=\"async\" width=\"300\" height=\"300\" src=\"https:\/\/www.inpratex.com\/wp-content\/uploads\/2024\/03\/RedCos-D-300x300.jpg\" class=\"attachment-woocommerce_thumbnail size-woocommerce_thumbnail\" alt=\"\" data-no-lazy=\"1\" loading=\"auto\" \/><\/a>\n\t<div class=\"jet-woo-product-img-overlay\"><\/div>\n\n\t\n\t<\/div><h5 class=\"jet-woo-product-title\"><a href=\"https:\/\/www.inpratex.com\/en\/product\/redcos-d-temperature-humidity-transmitter\/\">RedCos-D Temperature\/Humidity Transmitter<\/a><\/h5>\n<div class=\"jet-woo-products-cqw-wrapper\">\n\t<\/div>\t<\/div>\n\n\t<\/div>\n<div class=\"jet-woo-products__item jet-woo-builder-product jet-woo-thumb-with-effect\" data-product-id=\"13343\">\n\t<div class=\"jet-woo-products__inner-box\"  >\n\t\t\n<div class=\"jet-woo-product-thumbnail\">\n\t\n\t<a href=\"https:\/\/www.inpratex.com\/en\/product\/exbin-d-thermostat-hygrostat\/\"><div class=\"jet-woo-product-thumbs effect-fade\"><div class=\"jet-woo-product-thumbs__inner\"><img decoding=\"async\" width=\"300\" height=\"300\" src=\"https:\/\/www.inpratex.com\/wp-content\/uploads\/2024\/03\/ExBin-D-300x300.jpg\" class=\"attachment-woocommerce_thumbnail size-woocommerce_thumbnail\" alt=\"\" data-no-lazy=\"1\" loading=\"auto\" \/><img decoding=\"async\" width=\"300\" height=\"300\" src=\"https:\/\/www.inpratex.com\/wp-content\/uploads\/2024\/03\/ExBinD-300x300.jpg\" class=\"attachment-woocommerce_thumbnail size-woocommerce_thumbnail\" alt=\"\" data-no-lazy=\"1\" loading=\"auto\" \/><\/div><\/div><\/a>\n\t<div class=\"jet-woo-product-img-overlay\"><\/div>\n\n\t\n\t<\/div><h5 class=\"jet-woo-product-title\"><a href=\"https:\/\/www.inpratex.com\/en\/product\/exbin-d-thermostat-hygrostat\/\">ExBin-D Thermostat \/ Hygrostat<\/a><\/h5>\n<div class=\"jet-woo-products-cqw-wrapper\">\n\t<\/div>\t<\/div>\n\n\t<\/div>\n<div class=\"jet-woo-products__item jet-woo-builder-product jet-woo-thumb-with-effect\" data-product-id=\"13629\">\n\t<div class=\"jet-woo-products__inner-box\"  >\n\t\t\n<div class=\"jet-woo-product-thumbnail\">\n\t\n\t<a href=\"https:\/\/www.inpratex.com\/en\/product\/redbin-d-thermostat-hyhgrostat\/\"><div class=\"jet-woo-product-thumbs effect-fade\"><div class=\"jet-woo-product-thumbs__inner\"><img decoding=\"async\" width=\"300\" height=\"300\" src=\"https:\/\/www.inpratex.com\/wp-content\/uploads\/2024\/03\/RedBin-D-1-300x300.jpg\" class=\"attachment-woocommerce_thumbnail size-woocommerce_thumbnail\" alt=\"\" data-no-lazy=\"1\" loading=\"auto\" \/><img decoding=\"async\" width=\"300\" height=\"300\" src=\"https:\/\/www.inpratex.com\/wp-content\/uploads\/2024\/03\/RedBinD-300x300.jpg\" class=\"attachment-woocommerce_thumbnail size-woocommerce_thumbnail\" alt=\"\" data-no-lazy=\"1\" loading=\"auto\" \/><\/div><\/div><\/a>\n\t<div class=\"jet-woo-product-img-overlay\"><\/div>\n\n\t\n\t<\/div><h5 class=\"jet-woo-product-title\"><a href=\"https:\/\/www.inpratex.com\/en\/product\/redbin-d-thermostat-hyhgrostat\/\">RedBin-D Thermostat \/ Hygrostat<\/a><\/h5>\n<div class=\"jet-woo-products-cqw-wrapper\">\n\t<\/div>\t<\/div>\n\n\t<\/div>\n<div class=\"jet-woo-products__item jet-woo-builder-product jet-woo-thumb-with-effect\" data-product-id=\"17846\">\n\t<div class=\"jet-woo-products__inner-box\"  >\n\t\t\n<div class=\"jet-woo-product-thumbnail\">\n\t\n\t<a href=\"https:\/\/www.inpratex.com\/en\/product\/exbin-fr-atex-frost-protection-thermostats\/\"><img decoding=\"async\" width=\"300\" height=\"300\" src=\"https:\/\/www.inpratex.com\/wp-content\/uploads\/2024\/03\/Ex-Bin-FR-300x300.jpg\" class=\"attachment-woocommerce_thumbnail size-woocommerce_thumbnail\" alt=\"\" data-no-lazy=\"1\" loading=\"auto\" \/><\/a>\n\t<div class=\"jet-woo-product-img-overlay\"><\/div>\n\n\t\n\t<\/div><h5 class=\"jet-woo-product-title\"><a href=\"https:\/\/www.inpratex.com\/en\/product\/exbin-fr-atex-frost-protection-thermostats\/\">ExBin-FR ATEX Frost Protection Thermostats<\/a><\/h5>\n<div class=\"jet-woo-products-cqw-wrapper\">\n\t<\/div>\t<\/div>\n\n\t<\/div>\n<div class=\"jet-woo-products__item jet-woo-builder-product jet-woo-thumb-with-effect\" data-product-id=\"17848\">\n\t<div class=\"jet-woo-products__inner-box\"  >\n\t\t\n<div class=\"jet-woo-product-thumbnail\">\n\t\n\t<a href=\"https:\/\/www.inpratex.com\/en\/product\/redbin-fr-atex-frost-protection-thermostats\/\"><img decoding=\"async\" width=\"300\" height=\"300\" src=\"https:\/\/www.inpratex.com\/wp-content\/uploads\/2024\/03\/RedBin-FR-1-300x300.jpg\" class=\"attachment-woocommerce_thumbnail size-woocommerce_thumbnail\" alt=\"\" data-no-lazy=\"1\" loading=\"auto\" \/><\/a>\n\t<div class=\"jet-woo-product-img-overlay\"><\/div>\n\n\t\n\t<\/div><h5 class=\"jet-woo-product-title\"><a href=\"https:\/\/www.inpratex.com\/en\/product\/redbin-fr-atex-frost-protection-thermostats\/\">RedBin-FR ATEX Frost Protection Thermostats<\/a><\/h5>\n<div class=\"jet-woo-products-cqw-wrapper\">\n\t<\/div>\t<\/div>\n\n\t<\/div>\n<div class=\"jet-woo-products__item jet-woo-builder-product jet-woo-thumb-with-effect\" data-product-id=\"17440\">\n\t<div class=\"jet-woo-products__inner-box\"  >\n\t\t\n<div class=\"jet-woo-product-thumbnail\">\n\t\n\t<a href=\"https:\/\/www.inpratex.com\/en\/product\/atex-ambient-temperature-thermostat-ta-series\/\"><div class=\"jet-woo-product-thumbs effect-fade\"><div class=\"jet-woo-product-thumbs__inner\"><img decoding=\"async\" width=\"300\" height=\"300\" src=\"https:\/\/www.inpratex.com\/wp-content\/uploads\/2024\/03\/TA-300x300.jpg\" class=\"attachment-woocommerce_thumbnail size-woocommerce_thumbnail\" alt=\"\" data-no-lazy=\"1\" loading=\"auto\" \/><img decoding=\"async\" width=\"300\" height=\"300\" src=\"https:\/\/www.inpratex.com\/wp-content\/uploads\/2024\/03\/TA-40-300x300.jpg\" class=\"attachment-woocommerce_thumbnail size-woocommerce_thumbnail\" alt=\"\" data-no-lazy=\"1\" loading=\"auto\" \/><\/div><\/div><\/a>\n\t<div class=\"jet-woo-product-img-overlay\"><\/div>\n\n\t\n\t<\/div><h5 class=\"jet-woo-product-title\"><a href=\"https:\/\/www.inpratex.com\/en\/product\/atex-ambient-temperature-thermostat-ta-series\/\">ATEX Ambient Temperature Thermostats TA Series<\/a><\/h5>\n<div class=\"jet-woo-products-cqw-wrapper\">\n\t<\/div>\t<\/div>\n\n\t<\/div>\n<div class=\"jet-woo-products__item jet-woo-builder-product jet-woo-thumb-with-effect\" data-product-id=\"17470\">\n\t<div class=\"jet-woo-products__inner-box\"  >\n\t\t\n<div class=\"jet-woo-product-thumbnail\">\n\t\n\t<a href=\"https:\/\/www.inpratex.com\/en\/product\/atex-control-thermostats-tr-series\/\"><img decoding=\"async\" width=\"300\" height=\"300\" src=\"https:\/\/www.inpratex.com\/wp-content\/uploads\/2024\/03\/TR-300x300.jpg\" class=\"attachment-woocommerce_thumbnail size-woocommerce_thumbnail\" alt=\"\" data-no-lazy=\"1\" loading=\"auto\" \/><\/a>\n\t<div class=\"jet-woo-product-img-overlay\"><\/div>\n\n\t\n\t<\/div><h5 class=\"jet-woo-product-title\"><a href=\"https:\/\/www.inpratex.com\/en\/product\/atex-control-thermostats-tr-series\/\">ATEX Control Thermostats TR Series<\/a><\/h5>\n<div class=\"jet-woo-products-cqw-wrapper\">\n\t<\/div>\t<\/div>\n\n\t<\/div>\n<div class=\"jet-woo-products__item jet-woo-builder-product jet-woo-thumb-with-effect\" data-product-id=\"17475\">\n\t<div class=\"jet-woo-products__inner-box\"  >\n\t\t\n<div class=\"jet-woo-product-thumbnail\">\n\t\n\t<a href=\"https:\/\/www.inpratex.com\/en\/product\/atex-safety-thermostats-ts-series\/\"><img decoding=\"async\" width=\"300\" height=\"300\" src=\"https:\/\/www.inpratex.com\/wp-content\/uploads\/2024\/03\/TS-300x300.jpg\" class=\"attachment-woocommerce_thumbnail size-woocommerce_thumbnail\" alt=\"\" data-no-lazy=\"1\" loading=\"auto\" \/><\/a>\n\t<div class=\"jet-woo-product-img-overlay\"><\/div>\n\n\t\n\t<\/div><h5 class=\"jet-woo-product-title\"><a href=\"https:\/\/www.inpratex.com\/en\/product\/atex-safety-thermostats-ts-series\/\">ATEX Safety Thermostats TS Series<\/a><\/h5>\n<div class=\"jet-woo-products-cqw-wrapper\">\n\t<\/div>\t<\/div>\n\n\t<\/div>\n<div class=\"jet-woo-products__item jet-woo-builder-product jet-woo-thumb-with-effect\" data-product-id=\"15302\">\n\t<div class=\"jet-woo-products__inner-box\"  >\n\t\t\n<div class=\"jet-woo-product-thumbnail\">\n\t\n\t<a href=\"https:\/\/www.inpratex.com\/en\/product\/excos-p-atex-differential-pressure-transmitter\/\"><img decoding=\"async\" width=\"300\" height=\"300\" src=\"https:\/\/www.inpratex.com\/wp-content\/uploads\/2024\/03\/ExCos-P-1-300x300.jpg\" class=\"attachment-woocommerce_thumbnail size-woocommerce_thumbnail\" alt=\"\" data-no-lazy=\"1\" loading=\"auto\" \/><\/a>\n\t<div class=\"jet-woo-product-img-overlay\"><\/div>\n\n\t\n\t<\/div><h5 class=\"jet-woo-product-title\"><a href=\"https:\/\/www.inpratex.com\/en\/product\/excos-p-atex-differential-pressure-transmitter\/\">ExCos-P ATEX Differential Pressure Transmitter<\/a><\/h5>\n<div class=\"jet-woo-products-cqw-wrapper\">\n\t<\/div>\t<\/div>\n\n\t<\/div>\n<div class=\"jet-woo-products__item jet-woo-builder-product jet-woo-thumb-with-effect\" data-product-id=\"15307\">\n\t<div class=\"jet-woo-products__inner-box\"  >\n\t\t\n<div class=\"jet-woo-product-thumbnail\">\n\t\n\t<a href=\"https:\/\/www.inpratex.com\/en\/product\/redcos-p-atex-differential-pressure-transmitter\/\"><img decoding=\"async\" width=\"300\" height=\"300\" src=\"https:\/\/www.inpratex.com\/wp-content\/uploads\/2024\/03\/RedCos-P-300x300.jpg\" class=\"attachment-woocommerce_thumbnail size-woocommerce_thumbnail\" alt=\"\" data-no-lazy=\"1\" loading=\"auto\" \/><\/a>\n\t<div class=\"jet-woo-product-img-overlay\"><\/div>\n\n\t\n\t<\/div><h5 class=\"jet-woo-product-title\"><a href=\"https:\/\/www.inpratex.com\/en\/product\/redcos-p-atex-differential-pressure-transmitter\/\">RedCos-P ATEX Differential Pressure Transmitter<\/a><\/h5>\n<div class=\"jet-woo-products-cqw-wrapper\">\n\t<\/div>\t<\/div>\n\n\t<\/div>\n<div class=\"jet-woo-products__item jet-woo-builder-product jet-woo-thumb-with-effect\" data-product-id=\"17288\">\n\t<div class=\"jet-woo-products__inner-box\"  >\n\t\t\n<div class=\"jet-woo-product-thumbnail\">\n\t\n\t<a href=\"https:\/\/www.inpratex.com\/en\/product\/exbin-p-atex-pressure-differential-pressure-switch\/\"><img decoding=\"async\" width=\"300\" height=\"300\" src=\"https:\/\/www.inpratex.com\/wp-content\/uploads\/2024\/03\/ExCos-P-1-300x300.jpg\" class=\"attachment-woocommerce_thumbnail size-woocommerce_thumbnail\" alt=\"\" data-no-lazy=\"1\" loading=\"auto\" \/><\/a>\n\t<div class=\"jet-woo-product-img-overlay\"><\/div>\n\n\t\n\t<\/div><h5 class=\"jet-woo-product-title\"><a href=\"https:\/\/www.inpratex.com\/en\/product\/exbin-p-atex-pressure-differential-pressure-switch\/\">ExBin-P ATEX Pressure \/ Differential Presure Switch<\/a><\/h5>\n<div class=\"jet-woo-products-cqw-wrapper\">\n\t<\/div>\t<\/div>\n\n\t<\/div>\n<div class=\"jet-woo-products__item jet-woo-builder-product jet-woo-thumb-with-effect\" data-product-id=\"17290\">\n\t<div class=\"jet-woo-products__inner-box\"  >\n\t\t\n<div class=\"jet-woo-product-thumbnail\">\n\t\n\t<a href=\"https:\/\/www.inpratex.com\/en\/product\/redbin-p-atex-pressure-differential-pressure-switch\/\"><img decoding=\"async\" width=\"300\" height=\"300\" src=\"https:\/\/www.inpratex.com\/wp-content\/uploads\/2024\/03\/RedBin-P-300x300.jpg\" class=\"attachment-woocommerce_thumbnail size-woocommerce_thumbnail\" alt=\"\" data-no-lazy=\"1\" loading=\"auto\" \/><\/a>\n\t<div class=\"jet-woo-product-img-overlay\"><\/div>\n\n\t\n\t<\/div><h5 class=\"jet-woo-product-title\"><a href=\"https:\/\/www.inpratex.com\/en\/product\/redbin-p-atex-pressure-differential-pressure-switch\/\">RedBin-P ATEX Pressure \/ Differential Pressure Switch<\/a><\/h5>\n<div class=\"jet-woo-products-cqw-wrapper\">\n\t<\/div>\t<\/div>\n\n\t<\/div>\n<div class=\"jet-woo-products__item jet-woo-builder-product jet-woo-thumb-with-effect\" data-product-id=\"17217\">\n\t<div class=\"jet-woo-products__inner-box\"  >\n\t\t\n<div class=\"jet-woo-product-thumbnail\">\n\t\n\t<a href=\"https:\/\/www.inpratex.com\/en\/product\/atex-xmlw-hydraulic-pressure-switches\/\"><img decoding=\"async\" width=\"300\" height=\"300\" src=\"https:\/\/www.inpratex.com\/wp-content\/uploads\/2024\/03\/XMLW-300x300.jpg\" class=\"attachment-woocommerce_thumbnail size-woocommerce_thumbnail\" alt=\"ATEX XMLW Hydraulic Pressure Switches\" data-no-lazy=\"1\" loading=\"auto\" \/><\/a>\n\t<div class=\"jet-woo-product-img-overlay\"><\/div>\n\n\t\n\t<\/div><h5 class=\"jet-woo-product-title\"><a href=\"https:\/\/www.inpratex.com\/en\/product\/atex-xmlw-hydraulic-pressure-switches\/\">ATEX XMLW Hydraulic Pressure Switches<\/a><\/h5>\n<div class=\"jet-woo-products-cqw-wrapper\">\n\t<\/div>\t<\/div>\n\n\t<\/div>\n<div class=\"jet-woo-products__item jet-woo-builder-product jet-woo-thumb-with-effect\" data-product-id=\"15090\">\n\t<div class=\"jet-woo-products__inner-box\"  >\n\t\t\n<div class=\"jet-woo-product-thumbnail\">\n\t\n\t<a href=\"https:\/\/www.inpratex.com\/en\/product\/exreg-v-atex-volume-flow-pressure-controller\/\"><div class=\"jet-woo-product-thumbs effect-fade\"><div class=\"jet-woo-product-thumbs__inner\"><img decoding=\"async\" width=\"300\" height=\"300\" src=\"https:\/\/www.inpratex.com\/wp-content\/uploads\/2024\/03\/ExReg-V-2-300x300.jpg\" class=\"attachment-woocommerce_thumbnail size-woocommerce_thumbnail\" alt=\"\" data-no-lazy=\"1\" loading=\"auto\" \/><img decoding=\"async\" width=\"300\" height=\"300\" src=\"https:\/\/www.inpratex.com\/wp-content\/uploads\/2024\/03\/ExReg-V-ExMax-300x300.jpg\" class=\"attachment-woocommerce_thumbnail size-woocommerce_thumbnail\" alt=\"\" data-no-lazy=\"1\" loading=\"auto\" \/><\/div><\/div><\/a>\n\t<div class=\"jet-woo-product-img-overlay\"><\/div>\n\n\t\n\t<\/div><h5 class=\"jet-woo-product-title\"><a href=\"https:\/\/www.inpratex.com\/en\/product\/exreg-v-atex-volume-flow-pressure-controller\/\">ExReg-V ATEX Volume Flow \/ Pressure Controller<\/a><\/h5>\n<div class=\"jet-woo-products-cqw-wrapper\">\n\t<\/div>\t<\/div>\n\n\t<\/div>\n<div class=\"jet-woo-products__item jet-woo-builder-product jet-woo-thumb-with-effect\" data-product-id=\"18419\">\n\t<div class=\"jet-woo-products__inner-box\"  >\n\t\t\n<div class=\"jet-woo-product-thumbnail\">\n\t\n\t<a href=\"https:\/\/www.inpratex.com\/en\/product\/lgw-2g-pressure-switch\/\"><img decoding=\"async\" width=\"300\" height=\"300\" src=\"https:\/\/www.inpratex.com\/wp-content\/uploads\/2024\/03\/LGW-2G-SIL-300x300.jpg\" class=\"attachment-woocommerce_thumbnail size-woocommerce_thumbnail\" alt=\"\" data-no-lazy=\"1\" loading=\"auto\" \/><\/a>\n\t<div class=\"jet-woo-product-img-overlay\"><\/div>\n\n\t\n\t<\/div><h5 class=\"jet-woo-product-title\"><a href=\"https:\/\/www.inpratex.com\/en\/product\/lgw-2g-pressure-switch\/\">LGW-2G-&#8230; Pressure Switch<\/a><\/h5>\n<div class=\"jet-woo-products-cqw-wrapper\">\n\t<\/div>\t<\/div>\n\n\t<\/div><\/div>\n<\/div>\t\t\t\t<\/div>\n\t\t\t\t<\/div>\n\t\t\t\t\t<\/div>\n\t\t\t\t<\/div>\n\t\t\t\t<\/div>\n\t\t","protected":false},"excerpt":{"rendered":"<p>Temperature, Humidity and Pressure ExCos-D Sensor de Temperatura &#8211; Humedad ATEX RedCos-D Sensor de Temperatura &#8211; Humedad ATEX ExBin-D Termostato \/ Higrostato ATEX RedBin-D Termostato \/ Higrostato ATEX ExBin-FR Termostato de Proteccci\u00f3n Contra Congelaci\u00f3n ATEX RedBin-FR Termostato de Proteccci\u00f3n Contra Congelaci\u00f3n ATEX ExReg-D Controlador de Temperatura \/ Humedad ATEX Termostato de Temperatura Ambiente ATEX Serie [&hellip;]<\/p>\n","protected":false},"author":4,"featured_media":0,"parent":21530,"menu_order":0,"comment_status":"closed","ping_status":"closed","template":"elementor_header_footer","meta":{"footnotes":""},"class_list":["post-21546","page","type-page","status-publish","hentry"],"_links":{"self":[{"href":"https:\/\/www.inpratex.com\/en\/wp-json\/wp\/v2\/pages\/21546","targetHints":{"allow":["GET"]}}],"collection":[{"href":"https:\/\/www.inpratex.com\/en\/wp-json\/wp\/v2\/pages"}],"about":[{"href":"https:\/\/www.inpratex.com\/en\/wp-json\/wp\/v2\/types\/page"}],"author":[{"embeddable":true,"href":"https:\/\/www.inpratex.com\/en\/wp-json\/wp\/v2\/users\/4"}],"replies":[{"embeddable":true,"href":"https:\/\/www.inpratex.com\/en\/wp-json\/wp\/v2\/comments?post=21546"}],"version-history":[{"count":0,"href":"https:\/\/www.inpratex.com\/en\/wp-json\/wp\/v2\/pages\/21546\/revisions"}],"up":[{"embeddable":true,"href":"https:\/\/www.inpratex.com\/en\/wp-json\/wp\/v2\/pages\/21530"}],"wp:attachment":[{"href":"https:\/\/www.inpratex.com\/en\/wp-json\/wp\/v2\/media?parent=21546"}],"curies":[{"name":"wp","href":"https:\/\/api.w.org\/{rel}","templated":true}]}}