{"id":21506,"date":"2024-03-13T14:02:17","date_gmt":"2024-03-13T14:02:17","guid":{"rendered":"https:\/\/inpratex.com\/atex-communication-devices\/atex-fixed-phones\/"},"modified":"2024-03-21T15:38:54","modified_gmt":"2024-03-21T15:38:54","slug":"atex-fixed-phones","status":"publish","type":"page","link":"https:\/\/www.inpratex.com\/en\/atex-equipment\/atex-communication-devices\/atex-fixed-phones\/","title":{"rendered":"ATEX Fixed Phones"},"content":{"rendered":"\t\t<div data-elementor-type=\"wp-page\" data-elementor-id=\"21506\" class=\"elementor elementor-21506 elementor-21500\" data-elementor-post-type=\"page\">\n\t\t\t\t<div class=\"elementor-element elementor-element-30c463ba e-flex e-con-boxed e-con e-parent\" data-id=\"30c463ba\" data-element_type=\"container\" data-e-type=\"container\">\n\t\t\t\t\t<div class=\"e-con-inner\">\n\t\t\t\t<div class=\"elementor-element elementor-element-76fad5b6 elementor-widget elementor-widget-woocommerce-breadcrumb\" data-id=\"76fad5b6\" data-element_type=\"widget\" data-e-type=\"widget\" data-widget_type=\"woocommerce-breadcrumb.default\">\n\t\t\t\t<div class=\"elementor-widget-container\">\n\t\t\t\t\t<nav class=\"woocommerce-breadcrumb\" aria-label=\"Breadcrumb\">Home<\/nav>\t\t\t\t<\/div>\n\t\t\t\t<\/div>\n\t\t\t\t\t<\/div>\n\t\t\t\t<\/div>\n\t\t<div class=\"elementor-element elementor-element-3273fb4a e-flex e-con-boxed e-con e-child\" data-id=\"3273fb4a\" data-element_type=\"container\" data-e-type=\"container\">\n\t\t\t\t\t<div class=\"e-con-inner\">\n\t\t\t\t<div class=\"elementor-element elementor-element-f9d12af elementor-widget elementor-widget-image\" data-id=\"f9d12af\" data-element_type=\"widget\" data-e-type=\"widget\" data-widget_type=\"image.default\">\n\t\t\t\t<div class=\"elementor-widget-container\">\n\t\t\t\t\t\t\t\t\t\t\t\t\t\t\t<img decoding=\"async\" src=\"https:\/\/inpratex.com\/wp-content\/uploads\/2024\/02\/icono_encabezados.png\" title=\"\" alt=\"\" loading=\"lazy\" \/>\t\t\t\t\t\t\t\t\t\t\t\t\t\t\t<\/div>\n\t\t\t\t<\/div>\n\t\t\t\t<div class=\"elementor-element elementor-element-cb139bd elementor-widget__width-auto elementor-widget elementor-widget-heading\" data-id=\"cb139bd\" data-element_type=\"widget\" data-e-type=\"widget\" data-widget_type=\"heading.default\">\n\t\t\t\t<div class=\"elementor-widget-container\">\n\t\t\t\t\t<h2 class=\"elementor-heading-title elementor-size-default\">ATEX Fixed Phones<\/h2>\t\t\t\t<\/div>\n\t\t\t\t<\/div>\n\t\t\t\t\t<\/div>\n\t\t\t\t<\/div>\n\t\t<div class=\"elementor-element elementor-element-223743f e-flex e-con-boxed e-con e-parent\" data-id=\"223743f\" data-element_type=\"container\" data-e-type=\"container\">\n\t\t\t\t\t<div class=\"e-con-inner\">\n\t\t<div class=\"elementor-element elementor-element-580a6c63 e-flex e-con-boxed e-con e-child\" data-id=\"580a6c63\" data-element_type=\"container\" data-e-type=\"container\" data-settings=\"{&quot;background_background&quot;:&quot;classic&quot;}\">\n\t\t\t\t\t<div class=\"e-con-inner\">\n\t\t\t\t\t<\/div>\n\t\t\t\t<\/div>\n\t\t\t\t\t<\/div>\n\t\t\t\t<\/div>\n\t\t<div class=\"elementor-element elementor-element-1e8b6779 e-flex e-con-boxed e-con e-parent\" data-id=\"1e8b6779\" data-element_type=\"container\" data-e-type=\"container\">\n\t\t\t\t\t<div class=\"e-con-inner\">\n\t\t\t\t<div class=\"elementor-element elementor-element-6db799b4 elementor-widget elementor-widget-text-editor\" data-id=\"6db799b4\" data-element_type=\"widget\" data-e-type=\"widget\" data-widget_type=\"text-editor.default\">\n\t\t\t\t<div class=\"elementor-widget-container\">\n\t\t\t\t\t\t\t\t\t<p>&nbsp;<\/p>\n\t\t\t\t\t\t\t\t<\/div>\n\t\t\t\t<\/div>\n\t\t\t\t\t<\/div>\n\t\t\t\t<\/div>\n\t\t<div class=\"elementor-element elementor-element-19a765c3 e-flex e-con-boxed e-con e-parent\" data-id=\"19a765c3\" data-element_type=\"container\" data-e-type=\"container\">\n\t\t\t\t\t<div class=\"e-con-inner\">\n\t\t\t\t<div class=\"elementor-element elementor-element-1e53252c elementor-widget elementor-widget-jet-woo-products\" data-id=\"1e53252c\" data-element_type=\"widget\" data-e-type=\"widget\" data-settings=\"{&quot;columns&quot;:&quot;5&quot;,&quot;columns_tablet&quot;:&quot;4&quot;,&quot;columns_mobile&quot;:&quot;2&quot;}\" data-widget_type=\"jet-woo-products.default\">\n\t\t\t\t<div class=\"elementor-widget-container\">\n\t\t\t\t\t<div class=\"elementor-jet-woo-products jet-woo-builder\"><div class=\"jet-woo-products jet-woo-products--preset-1 col-row  \" data-mobile-hover=\"\" >\n<div class=\"jet-woo-products__item jet-woo-builder-product jet-woo-thumb-with-effect\" data-product-id=\"24432\">\n\t<div class=\"jet-woo-products__inner-box\"  >\n\t\t\n<div class=\"jet-woo-product-thumbnail\">\n\t\n\t<a href=\"https:\/\/www.inpratex.com\/en\/product\/atex-telephone-tls-229-a2c9gl-analogue\/\"><img fetchpriority=\"high\" decoding=\"async\" width=\"300\" height=\"300\" src=\"https:\/\/www.inpratex.com\/wp-content\/uploads\/2024\/10\/TLS-229-300x300.jpg\" class=\"attachment-woocommerce_thumbnail size-woocommerce_thumbnail\" alt=\"Tel\u00e9fono ATEX TLS 229\" data-no-lazy=\"1\" loading=\"auto\" \/><\/a>\n\t<div class=\"jet-woo-product-img-overlay\"><\/div>\n\n\t\n\t<\/div><h5 class=\"jet-woo-product-title\"><a href=\"https:\/\/www.inpratex.com\/en\/product\/atex-telephone-tls-229-a2c9gl-analogue\/\">ATEX Telephone TLS 229 A2C9GL &#8211; Analogue<\/a><\/h5>\n<div class=\"jet-woo-products-cqw-wrapper\">\n\t<\/div>\t<\/div>\n\n\t<\/div>\n<div class=\"jet-woo-products__item jet-woo-builder-product jet-woo-thumb-with-effect\" data-product-id=\"25442\">\n\t<div class=\"jet-woo-products__inner-box\"  >\n\t\t\n<div class=\"jet-woo-product-thumbnail\">\n\t\n\t<a href=\"https:\/\/www.inpratex.com\/en\/product\/atex-telephone-tlc-229-a2-analogue\/\"><img decoding=\"async\" width=\"300\" height=\"300\" src=\"https:\/\/www.inpratex.com\/wp-content\/uploads\/2025\/11\/TLC-229-300x300.jpg\" class=\"attachment-woocommerce_thumbnail size-woocommerce_thumbnail\" alt=\"Tel\u00e9fono ATEX TLC 229 A2\" data-no-lazy=\"1\" loading=\"auto\" \/><\/a>\n\t<div class=\"jet-woo-product-img-overlay\"><\/div>\n\n\t\n\t<\/div><h5 class=\"jet-woo-product-title\"><a href=\"https:\/\/www.inpratex.com\/en\/product\/atex-telephone-tlc-229-a2-analogue\/\">ATEX Telephone TLC 229 A2 &#8211; Analogue<\/a><\/h5>\n<div class=\"jet-woo-products-cqw-wrapper\">\n\t<\/div>\t<\/div>\n\n\t<\/div>\n<div class=\"jet-woo-products__item jet-woo-builder-product jet-woo-thumb-with-effect\" data-product-id=\"25555\">\n\t<div class=\"jet-woo-products__inner-box\"  >\n\t\t\n<div class=\"jet-woo-product-thumbnail\">\n\t\n\t<a href=\"https:\/\/www.inpratex.com\/en\/product\/atex-ip-poe-telephone-nha-214a5-c7\/\"><div class=\"jet-woo-product-thumbs effect-fade\"><div class=\"jet-woo-product-thumbs__inner\"><img decoding=\"async\" width=\"300\" height=\"300\" src=\"https:\/\/www.inpratex.com\/wp-content\/uploads\/2025\/12\/NHA-214A5-1-300x300.jpg\" class=\"attachment-woocommerce_thumbnail size-woocommerce_thumbnail\" alt=\"Tel\u00e9fono IP ATEX NHA 214A5\" data-no-lazy=\"1\" loading=\"auto\" \/><img decoding=\"async\" width=\"300\" height=\"300\" src=\"https:\/\/www.inpratex.com\/wp-content\/uploads\/2025\/12\/NHA-214A5-2-300x300.jpg\" class=\"attachment-woocommerce_thumbnail size-woocommerce_thumbnail\" alt=\"Tel\u00e9fono IP ATEX NHA 214A5\" data-no-lazy=\"1\" loading=\"auto\" \/><\/div><\/div><\/a>\n\t<div class=\"jet-woo-product-img-overlay\"><\/div>\n\n\t\n\t<\/div><h5 class=\"jet-woo-product-title\"><a href=\"https:\/\/www.inpratex.com\/en\/product\/atex-ip-poe-telephone-nha-214a5-c7\/\">ATEX IP\/PoE Telephone NHA 214A5 C7<\/a><\/h5>\n<div class=\"jet-woo-products-cqw-wrapper\">\n\t<\/div>\t<\/div>\n\n\t<\/div><\/div>\n<\/div>\t\t\t\t<\/div>\n\t\t\t\t<\/div>\n\t\t\t\t\t<\/div>\n\t\t\t\t<\/div>\n\t\t\t\t<\/div>\n\t\t","protected":false},"excerpt":{"rendered":"<p>ATEX Fixed Phones &nbsp; Tel\u00e9fono ATEX ExResisTel Anal\u00f3gico Tel\u00e9fono ATEX ExResisTel VoIP Tel\u00e9fono ATEX FernTel 3 Anal\u00f3gico<\/p>\n","protected":false},"author":4,"featured_media":0,"parent":21498,"menu_order":0,"comment_status":"closed","ping_status":"closed","template":"elementor_header_footer","meta":{"footnotes":""},"class_list":["post-21506","page","type-page","status-publish","hentry"],"_links":{"self":[{"href":"https:\/\/www.inpratex.com\/en\/wp-json\/wp\/v2\/pages\/21506","targetHints":{"allow":["GET"]}}],"collection":[{"href":"https:\/\/www.inpratex.com\/en\/wp-json\/wp\/v2\/pages"}],"about":[{"href":"https:\/\/www.inpratex.com\/en\/wp-json\/wp\/v2\/types\/page"}],"author":[{"embeddable":true,"href":"https:\/\/www.inpratex.com\/en\/wp-json\/wp\/v2\/users\/4"}],"replies":[{"embeddable":true,"href":"https:\/\/www.inpratex.com\/en\/wp-json\/wp\/v2\/comments?post=21506"}],"version-history":[{"count":0,"href":"https:\/\/www.inpratex.com\/en\/wp-json\/wp\/v2\/pages\/21506\/revisions"}],"up":[{"embeddable":true,"href":"https:\/\/www.inpratex.com\/en\/wp-json\/wp\/v2\/pages\/21498"}],"wp:attachment":[{"href":"https:\/\/www.inpratex.com\/en\/wp-json\/wp\/v2\/media?parent=21506"}],"curies":[{"name":"wp","href":"https:\/\/api.w.org\/{rel}","templated":true}]}}