{"id":21385,"date":"2024-03-13T13:16:31","date_gmt":"2024-03-13T13:16:31","guid":{"rendered":"https:\/\/inpratex.com\/atex-miscellaneous-devices\/"},"modified":"2024-03-21T18:32:07","modified_gmt":"2024-03-21T18:32:07","slug":"atex-miscellaneous-devices","status":"publish","type":"page","link":"https:\/\/www.inpratex.com\/en\/atex-equipment\/atex-miscellaneous-devices\/","title":{"rendered":"ATEX Miscellaneous Devices"},"content":{"rendered":"\t\t<div data-elementor-type=\"wp-page\" data-elementor-id=\"21385\" class=\"elementor elementor-21385 elementor-21379\" data-elementor-post-type=\"page\">\n\t\t\t\t<div class=\"elementor-element elementor-element-49e68bc5 e-flex e-con-boxed e-con e-parent\" data-id=\"49e68bc5\" data-element_type=\"container\" data-e-type=\"container\">\n\t\t\t\t\t<div class=\"e-con-inner\">\n\t\t\t\t<div class=\"elementor-element elementor-element-41189cad elementor-widget elementor-widget-woocommerce-breadcrumb\" data-id=\"41189cad\" data-element_type=\"widget\" data-e-type=\"widget\" data-widget_type=\"woocommerce-breadcrumb.default\">\n\t\t\t\t<div class=\"elementor-widget-container\">\n\t\t\t\t\t<nav class=\"woocommerce-breadcrumb\" aria-label=\"Breadcrumb\">Home<\/nav>\t\t\t\t<\/div>\n\t\t\t\t<\/div>\n\t\t\t\t\t<\/div>\n\t\t\t\t<\/div>\n\t\t<div class=\"elementor-element elementor-element-474721ca e-flex e-con-boxed e-con e-child\" data-id=\"474721ca\" data-element_type=\"container\" data-e-type=\"container\">\n\t\t\t\t\t<div class=\"e-con-inner\">\n\t\t\t\t<div class=\"elementor-element elementor-element-7d07191 elementor-widget elementor-widget-image\" data-id=\"7d07191\" data-element_type=\"widget\" data-e-type=\"widget\" data-widget_type=\"image.default\">\n\t\t\t\t<div class=\"elementor-widget-container\">\n\t\t\t\t\t\t\t\t\t\t\t\t\t\t\t<img decoding=\"async\" src=\"https:\/\/inpratex.com\/wp-content\/uploads\/2024\/02\/icono_encabezados.png\" title=\"\" alt=\"\" loading=\"lazy\" \/>\t\t\t\t\t\t\t\t\t\t\t\t\t\t\t<\/div>\n\t\t\t\t<\/div>\n\t\t\t\t<div class=\"elementor-element elementor-element-1ffdd539 elementor-widget__width-auto elementor-widget elementor-widget-heading\" data-id=\"1ffdd539\" data-element_type=\"widget\" data-e-type=\"widget\" data-widget_type=\"heading.default\">\n\t\t\t\t<div class=\"elementor-widget-container\">\n\t\t\t\t\t<h2 class=\"elementor-heading-title elementor-size-default\">ATEX Miscellaneous Devices<\/h2>\t\t\t\t<\/div>\n\t\t\t\t<\/div>\n\t\t\t\t\t<\/div>\n\t\t\t\t<\/div>\n\t\t<div class=\"elementor-element elementor-element-101d36ea e-flex e-con-boxed e-con e-parent\" data-id=\"101d36ea\" data-element_type=\"container\" data-e-type=\"container\">\n\t\t\t\t\t<div class=\"e-con-inner\">\n\t\t<div class=\"elementor-element elementor-element-3459bc7f e-flex e-con-boxed e-con e-child\" data-id=\"3459bc7f\" data-element_type=\"container\" data-e-type=\"container\" data-settings=\"{&quot;background_background&quot;:&quot;classic&quot;}\">\n\t\t\t\t\t<div class=\"e-con-inner\">\n\t\t\t\t\t<\/div>\n\t\t\t\t<\/div>\n\t\t\t\t\t<\/div>\n\t\t\t\t<\/div>\n\t\t<div class=\"elementor-element elementor-element-31701cf2 e-flex e-con-boxed e-con e-parent\" data-id=\"31701cf2\" data-element_type=\"container\" data-e-type=\"container\">\n\t\t\t\t\t<div class=\"e-con-inner\">\n\t\t\t\t<div class=\"elementor-element elementor-element-230da5ba elementor-widget elementor-widget-text-editor\" data-id=\"230da5ba\" data-element_type=\"widget\" data-e-type=\"widget\" data-widget_type=\"text-editor.default\">\n\t\t\t\t<div class=\"elementor-widget-container\">\n\t\t\t\t\t\t\t\t\t<p>&nbsp;<\/p>\n\t\t\t\t\t\t\t\t<\/div>\n\t\t\t\t<\/div>\n\t\t\t\t\t<\/div>\n\t\t\t\t<\/div>\n\t\t<div class=\"elementor-element elementor-element-101a1f31 e-flex e-con-boxed e-con e-parent\" data-id=\"101a1f31\" data-element_type=\"container\" data-e-type=\"container\">\n\t\t\t\t\t<div class=\"e-con-inner\">\n\t\t\t\t<div class=\"elementor-element elementor-element-3167e4c2 elementor-widget elementor-widget-jet-woo-categories\" data-id=\"3167e4c2\" data-element_type=\"widget\" data-e-type=\"widget\" data-settings=\"{&quot;columns&quot;:&quot;5&quot;,&quot;columns_tablet&quot;:&quot;4&quot;,&quot;columns_mobile&quot;:&quot;2&quot;}\" data-widget_type=\"jet-woo-categories.default\">\n\t\t\t\t<div class=\"elementor-widget-container\">\n\t\t\t\t\t<div class=\"elementor-jet-woo-categories jet-woo-builder\"><div class=\"jet-woo-categories jet-woo-categories--preset-1 col-row  jet-equal-cols\" data-mobile-hover=\"\">\n<div class=\"jet-woo-categories__item \">\n\t<div class=\"jet-woo-categories__inner-box\"  >\n\t\t\n<div class=\"jet-woo-categories-thumbnail__wrap\">\n\t\n<div class=\"jet-woo-category-thumbnail\">\n\t<a href=\"https:\/\/www.inpratex.com\/en\/product-category\/atex-equipment\/atex-miscellaneous-devices\/atex-cameras\/\"  rel=\"bookmark\">\n\t\t<img fetchpriority=\"high\" decoding=\"async\" width=\"300\" height=\"300\" src=\"https:\/\/www.inpratex.com\/wp-content\/uploads\/2025\/10\/Camaras-ATEX-300x300.jpg\" class=\"attachment-woocommerce_thumbnail size-woocommerce_thumbnail\" alt=\"C\u00e1maras ATEX\" \/>\t<\/a>\n\t<div class=\"jet-woo-category-img-overlay\"><\/div>\n\t<div class=\"jet-woo-category-img-overlay__hover\"><\/div>\n<\/div>\n\t<div class=\"jet-woo-category-count__wrap\">\n\t\t\t<\/div>\n<\/div>\n\n<div class=\"jet-woo-categories-content\">\n\t<h5 class=\"jet-woo-category-title\" ><a href=\"https:\/\/www.inpratex.com\/en\/product-category\/atex-equipment\/atex-miscellaneous-devices\/atex-cameras\/\" class=\"jet-woo-category-title__link\" >ATEX Cameras<\/a><\/h5><\/div>\t<\/div>\n\n\t<\/div>\n<div class=\"jet-woo-categories__item \">\n\t<div class=\"jet-woo-categories__inner-box\"  >\n\t\t\n<div class=\"jet-woo-categories-thumbnail__wrap\">\n\t\n<div class=\"jet-woo-category-thumbnail\">\n\t<a href=\"https:\/\/www.inpratex.com\/en\/product-category\/atex-equipment\/atex-miscellaneous-devices\/atex-door-holders\/\"  rel=\"bookmark\">\n\t\t<img decoding=\"async\" width=\"300\" height=\"300\" src=\"https:\/\/www.inpratex.com\/wp-content\/uploads\/2024\/03\/Retenedores-ATEX-300x300.jpg\" class=\"attachment-woocommerce_thumbnail size-woocommerce_thumbnail\" alt=\"\" \/>\t<\/a>\n\t<div class=\"jet-woo-category-img-overlay\"><\/div>\n\t<div class=\"jet-woo-category-img-overlay__hover\"><\/div>\n<\/div>\n\t<div class=\"jet-woo-category-count__wrap\">\n\t\t\t<\/div>\n<\/div>\n\n<div class=\"jet-woo-categories-content\">\n\t<h5 class=\"jet-woo-category-title\" ><a href=\"https:\/\/www.inpratex.com\/en\/product-category\/atex-equipment\/atex-miscellaneous-devices\/atex-door-holders\/\" class=\"jet-woo-category-title__link\" >ATEX Door Holders<\/a><\/h5><\/div>\t<\/div>\n\n\t<\/div>\n<div class=\"jet-woo-categories__item \">\n\t<div class=\"jet-woo-categories__inner-box\"  >\n\t\t\n<div class=\"jet-woo-categories-thumbnail__wrap\">\n\t\n<div class=\"jet-woo-category-thumbnail\">\n\t<a href=\"https:\/\/www.inpratex.com\/en\/product-category\/atex-equipment\/atex-miscellaneous-devices\/atex-panel-pc\/\"  rel=\"bookmark\">\n\t\t<img decoding=\"async\" width=\"300\" height=\"300\" src=\"https:\/\/www.inpratex.com\/wp-content\/uploads\/2024\/11\/PCL-X-10-1-4-300x300.jpg\" class=\"attachment-woocommerce_thumbnail size-woocommerce_thumbnail\" alt=\"Panel PC ATEX PCL-X-10.1\" \/>\t<\/a>\n\t<div class=\"jet-woo-category-img-overlay\"><\/div>\n\t<div class=\"jet-woo-category-img-overlay__hover\"><\/div>\n<\/div>\n\t<div class=\"jet-woo-category-count__wrap\">\n\t\t\t<\/div>\n<\/div>\n\n<div class=\"jet-woo-categories-content\">\n\t<h5 class=\"jet-woo-category-title\" ><a href=\"https:\/\/www.inpratex.com\/en\/product-category\/atex-equipment\/atex-miscellaneous-devices\/atex-panel-pc\/\" class=\"jet-woo-category-title__link\" >ATEX Panel PC<\/a><\/h5><\/div>\t<\/div>\n\n\t<\/div>\n<div class=\"jet-woo-categories__item \">\n\t<div class=\"jet-woo-categories__inner-box\"  >\n\t\t\n<div class=\"jet-woo-categories-thumbnail__wrap\">\n\t\n<div class=\"jet-woo-category-thumbnail\">\n\t<a href=\"https:\/\/www.inpratex.com\/en\/product-category\/atex-equipment\/atex-miscellaneous-devices\/atex-gas-detectors\/\"  rel=\"bookmark\">\n\t\t<img loading=\"lazy\" decoding=\"async\" width=\"300\" height=\"300\" src=\"https:\/\/www.inpratex.com\/wp-content\/uploads\/2024\/03\/Detectores-de-Gas-ATEX-300x300.jpg\" class=\"attachment-woocommerce_thumbnail size-woocommerce_thumbnail\" alt=\"\" \/>\t<\/a>\n\t<div class=\"jet-woo-category-img-overlay\"><\/div>\n\t<div class=\"jet-woo-category-img-overlay__hover\"><\/div>\n<\/div>\n\t<div class=\"jet-woo-category-count__wrap\">\n\t\t\t<\/div>\n<\/div>\n\n<div class=\"jet-woo-categories-content\">\n\t<h5 class=\"jet-woo-category-title\" ><a href=\"https:\/\/www.inpratex.com\/en\/product-category\/atex-equipment\/atex-miscellaneous-devices\/atex-gas-detectors\/\" class=\"jet-woo-category-title__link\" >ATEX Gas Detectors<\/a><\/h5><\/div>\t<\/div>\n\n\t<\/div>\n<div class=\"jet-woo-categories__item \">\n\t<div class=\"jet-woo-categories__inner-box\"  >\n\t\t\n<div class=\"jet-woo-categories-thumbnail__wrap\">\n\t\n<div class=\"jet-woo-category-thumbnail\">\n\t<a href=\"https:\/\/www.inpratex.com\/en\/product-category\/atex-equipment\/atex-miscellaneous-devices\/atex-electric-strikes\/\"  rel=\"bookmark\">\n\t\t<img loading=\"lazy\" decoding=\"async\" width=\"300\" height=\"300\" src=\"https:\/\/www.inpratex.com\/wp-content\/uploads\/2024\/03\/Cerrduras-Electricas-ATEX-300x300.jpg\" class=\"attachment-woocommerce_thumbnail size-woocommerce_thumbnail\" alt=\"\" \/>\t<\/a>\n\t<div class=\"jet-woo-category-img-overlay\"><\/div>\n\t<div class=\"jet-woo-category-img-overlay__hover\"><\/div>\n<\/div>\n\t<div class=\"jet-woo-category-count__wrap\">\n\t\t\t<\/div>\n<\/div>\n\n<div class=\"jet-woo-categories-content\">\n\t<h5 class=\"jet-woo-category-title\" ><a href=\"https:\/\/www.inpratex.com\/en\/product-category\/atex-equipment\/atex-miscellaneous-devices\/atex-electric-strikes\/\" class=\"jet-woo-category-title__link\" >ATEX Electric Strikes<\/a><\/h5><\/div>\t<\/div>\n\n\t<\/div>\n<div class=\"jet-woo-categories__item \">\n\t<div class=\"jet-woo-categories__inner-box\"  >\n\t\t\n<div class=\"jet-woo-categories-thumbnail__wrap\">\n\t\n<div class=\"jet-woo-category-thumbnail\">\n\t<a href=\"https:\/\/www.inpratex.com\/en\/product-category\/atex-equipment\/atex-miscellaneous-devices\/atex-printers\/\"  rel=\"bookmark\">\n\t\t<img loading=\"lazy\" decoding=\"async\" width=\"300\" height=\"300\" src=\"https:\/\/www.inpratex.com\/wp-content\/uploads\/2024\/03\/Impresoras-ATEX-300x300.jpg\" class=\"attachment-woocommerce_thumbnail size-woocommerce_thumbnail\" alt=\"\" \/>\t<\/a>\n\t<div class=\"jet-woo-category-img-overlay\"><\/div>\n\t<div class=\"jet-woo-category-img-overlay__hover\"><\/div>\n<\/div>\n\t<div class=\"jet-woo-category-count__wrap\">\n\t\t\t<\/div>\n<\/div>\n\n<div class=\"jet-woo-categories-content\">\n\t<h5 class=\"jet-woo-category-title\" ><a href=\"https:\/\/www.inpratex.com\/en\/product-category\/atex-equipment\/atex-miscellaneous-devices\/atex-printers\/\" class=\"jet-woo-category-title__link\" >ATEX Printers<\/a><\/h5><\/div>\t<\/div>\n\n\t<\/div>\n<div class=\"jet-woo-categories__item \">\n\t<div class=\"jet-woo-categories__inner-box\"  >\n\t\t\n<div class=\"jet-woo-categories-thumbnail__wrap\">\n\t\n<div class=\"jet-woo-category-thumbnail\">\n\t<a href=\"https:\/\/www.inpratex.com\/en\/product-category\/atex-equipment\/atex-miscellaneous-devices\/miscellaneous-materials\/\"  rel=\"bookmark\">\n\t\t<img loading=\"lazy\" decoding=\"async\" width=\"300\" height=\"300\" src=\"https:\/\/www.inpratex.com\/wp-content\/uploads\/2024\/03\/Ex-300x300.jpg\" class=\"attachment-woocommerce_thumbnail size-woocommerce_thumbnail\" alt=\"Se\u00f1al de Advertencia Ex\" \/>\t<\/a>\n\t<div class=\"jet-woo-category-img-overlay\"><\/div>\n\t<div class=\"jet-woo-category-img-overlay__hover\"><\/div>\n<\/div>\n\t<div class=\"jet-woo-category-count__wrap\">\n\t\t\t<\/div>\n<\/div>\n\n<div class=\"jet-woo-categories-content\">\n\t<h5 class=\"jet-woo-category-title\" ><a href=\"https:\/\/www.inpratex.com\/en\/product-category\/atex-equipment\/atex-miscellaneous-devices\/miscellaneous-materials\/\" class=\"jet-woo-category-title__link\" >Miscellaneous Materials<\/a><\/h5><\/div>\t<\/div>\n\n\t<\/div><\/div>\n<\/div>\t\t\t\t<\/div>\n\t\t\t\t<\/div>\n\t\t\t\t\t<\/div>\n\t\t\t\t<\/div>\n\t\t\t\t<\/div>\n\t\t","protected":false},"excerpt":{"rendered":"<p>ATEX Miscellaneous Devices &nbsp; C\u00e1maras ATEX Retenedores ATEX Climatizaci\u00f3n ATEX Detectores de Gas ATEX Cerraduras El\u00e9ctricas ATEX Ventilaci\u00f3n y Aspiraci\u00f3n ATEX Impresoras ATEX Material Diverso<\/p>\n","protected":false},"author":4,"featured_media":0,"parent":21946,"menu_order":0,"comment_status":"closed","ping_status":"closed","template":"elementor_header_footer","meta":{"footnotes":""},"class_list":["post-21385","page","type-page","status-publish","hentry"],"_links":{"self":[{"href":"https:\/\/www.inpratex.com\/en\/wp-json\/wp\/v2\/pages\/21385","targetHints":{"allow":["GET"]}}],"collection":[{"href":"https:\/\/www.inpratex.com\/en\/wp-json\/wp\/v2\/pages"}],"about":[{"href":"https:\/\/www.inpratex.com\/en\/wp-json\/wp\/v2\/types\/page"}],"author":[{"embeddable":true,"href":"https:\/\/www.inpratex.com\/en\/wp-json\/wp\/v2\/users\/4"}],"replies":[{"embeddable":true,"href":"https:\/\/www.inpratex.com\/en\/wp-json\/wp\/v2\/comments?post=21385"}],"version-history":[{"count":0,"href":"https:\/\/www.inpratex.com\/en\/wp-json\/wp\/v2\/pages\/21385\/revisions"}],"up":[{"embeddable":true,"href":"https:\/\/www.inpratex.com\/en\/wp-json\/wp\/v2\/pages\/21946"}],"wp:attachment":[{"href":"https:\/\/www.inpratex.com\/en\/wp-json\/wp\/v2\/media?parent=21385"}],"curies":[{"name":"wp","href":"https:\/\/api.w.org\/{rel}","templated":true}]}}